{"id":11,"date":"2021-11-24T14:32:50","date_gmt":"2021-11-24T19:32:50","guid":{"rendered":"https:\/\/www.assurancegatineau.com\/?page_id=11"},"modified":"2025-05-07T12:02:17","modified_gmt":"2025-05-07T16:02:17","slug":"assurance-vie","status":"publish","type":"page","link":"https:\/\/www.assurancegatineau.com\/fr\/assurance-vie\/","title":{"rendered":"Assurance vie"},"content":{"rendered":"<section class=\"h1-container\">\n<div class=\"container-fluid\">\n<div class=\"row bg-banner\">\n<div class=\"col\">\n<div class=\"lc-block\">\n\t\t\t\t\t<picture><source srcset=\"https:\/\/www.assurancegatineau.com\/wp-content\/uploads\/2021\/11\/banniere-plans.webp\" type=\"image\/webp\"><img loading=\"lazy\" decoding=\"async\" class=\"img-fluid skip-lazy\" src=\"https:\/\/www.assurancegatineau.com\/wp-content\/uploads\/2021\/11\/banniere-plans.jpg\" srcset=\"https:\/\/www.assurancegatineau.com\/wp-content\/uploads\/2021\/11\/banniere-plans.jpg 1920w, https:\/\/www.assurancegatineau.com\/wp-content\/uploads\/2021\/11\/banniere-plans-300x63.jpg 300w, https:\/\/www.assurancegatineau.com\/wp-content\/uploads\/2021\/11\/banniere-plans-1024x213.jpg 1024w, https:\/\/www.assurancegatineau.com\/wp-content\/uploads\/2021\/11\/banniere-plans-768x160.jpg 768w, https:\/\/www.assurancegatineau.com\/wp-content\/uploads\/2021\/11\/banniere-plans-1536x320.jpg 1536w, https:\/\/www.assurancegatineau.com\/wp-content\/uploads\/2021\/11\/banniere-plans-534x111.jpg 534w\" sizes=\"auto, (max-width: 1920px) 100vw, 1920px\" alt=\"\" width=\"1920\" height=\"400\"><\/picture><noscript><picture><source srcset=\"https:\/\/www.assurancegatineau.com\/wp-content\/uploads\/2021\/11\/banniere-plans.webp\" type=\"image\/webp\"><img loading=\"lazy\" decoding=\"async\" data-lazy-fallback=\"1\" class=\"img-fluid skip-lazy\" src=\"https:\/\/www.assurancegatineau.com\/wp-content\/uploads\/2021\/11\/banniere-plans.jpg\" srcset=\"https:\/\/www.assurancegatineau.com\/wp-content\/uploads\/2021\/11\/banniere-plans.jpg 1920w, https:\/\/www.assurancegatineau.com\/wp-content\/uploads\/2021\/11\/banniere-plans-300x63.jpg 300w, https:\/\/www.assurancegatineau.com\/wp-content\/uploads\/2021\/11\/banniere-plans-1024x213.jpg 1024w, https:\/\/www.assurancegatineau.com\/wp-content\/uploads\/2021\/11\/banniere-plans-768x160.jpg 768w, https:\/\/www.assurancegatineau.com\/wp-content\/uploads\/2021\/11\/banniere-plans-1536x320.jpg 1536w, https:\/\/www.assurancegatineau.com\/wp-content\/uploads\/2021\/11\/banniere-plans-534x111.jpg 534w\" sizes=\"auto, (max-width: 1920px) 100vw, 1920px\" alt=\"\" width=\"1920\" height=\"400\"><\/picture><\/noscript>\n\t\t\t\t<\/div>\n<\/p><\/div>\n<\/p><\/div>\n<div class=\"row\">\n<div class=\"col-12\">\n<div class=\"lc-block d-none d-xl-block\">\n\t\t\t\t\t<picture><source srcset=\"https:\/\/www.assurancegatineau.com\/wp-content\/uploads\/2021\/11\/logo.webp\" type=\"image\/webp\"><img loading=\"lazy\" decoding=\"async\" class=\"img-fluid mt-2 skip-lazy\" src=\"https:\/\/www.assurancegatineau.com\/wp-content\/uploads\/2021\/11\/logo.png\" srcset=\"https:\/\/www.assurancegatineau.com\/wp-content\/uploads\/2021\/11\/logo.png 500w, https:\/\/www.assurancegatineau.com\/wp-content\/uploads\/2021\/11\/logo-300x141.png 300w\" sizes=\"auto, (max-width: 500px) 100vw, 500px\" alt=\"\" width=\"500\" height=\"235\"><\/picture><noscript><picture><source srcset=\"https:\/\/www.assurancegatineau.com\/wp-content\/uploads\/2021\/11\/logo.webp\" type=\"image\/webp\"><img loading=\"lazy\" decoding=\"async\" data-lazy-fallback=\"1\" class=\"img-fluid mt-2 skip-lazy\" src=\"https:\/\/www.assurancegatineau.com\/wp-content\/uploads\/2021\/11\/logo.png\" srcset=\"https:\/\/www.assurancegatineau.com\/wp-content\/uploads\/2021\/11\/logo.png 500w, https:\/\/www.assurancegatineau.com\/wp-content\/uploads\/2021\/11\/logo-300x141.png 300w\" sizes=\"auto, (max-width: 500px) 100vw, 500px\" alt=\"\" width=\"500\" height=\"235\"><\/picture><\/noscript>\n\t\t\t\t<\/div>\n<p><!-- \/lc-block\\ --><\/p>\n<div class=\"lc-block h1-div\">\n<div editable=\"rich\">\n<h1>Assurance vie temporaire<br \/> ou permanente?<br \/>Avec ou sans examen m\u00e9dical!<\/h1>\n<\/p><\/div>\n<div lc-helper=\"shortcode\" class=\"live-shortcode\"><a class=\"contact btn\" href=\"https:\/\/www.assurancegatineau.com\/fr\/contact\/\" aria-label=\"Appelez-nous\">Appelez-nous<\/a><\/div>\n<\/p><\/div>\n<p><!-- \/lc-block -->\n\t\t\t<\/div>\n<p><!-- \/col -->\n\t\t<\/div>\n<\/p><\/div>\n<\/section>\n<div class=\"separator square angled\"><\/div>\n<section class=\"\">\n<div class=\"container\">\n<div class=\"row\">\n<div class=\"col-xl-9\">\n<div class=\"lc-block\">\n<div editable=\"rich\">\n<h2>Quel est le but d\u2019une assurance vie ?<\/h2>\n<p>L&rsquo;objectif principal d&rsquo;une assurance vie est de fournir une protection financi\u00e8re aux membres de votre famille ou \u00e0 votre entreprise en cas de d\u00e9c\u00e8s soudain.&nbsp;<span>Elle permet de laisser un capital \u00e0 vos b\u00e9n\u00e9ficiaires pour couvrir les dettes, maintenir leur qualit\u00e9 de vie ou assurer la continuit\u00e9 d\u2019une entreprise.<\/span><\/p>\n<\/p>\n<p>En souscrivant \u00e0 une assurance vie chez Assurance Gatineau, vous constituez un fonds de s\u00e9curit\u00e9, que vous investissez sous forme d&rsquo;\u00e9pargne tout en ayant la possibilit\u00e9 de d\u00e9signer un ou plusieurs b\u00e9n\u00e9ficiaires. Ainsi, en cas de d\u00e9c\u00e8s de l&rsquo;assur\u00e9, les b\u00e9n\u00e9ficiaires d\u00e9sign\u00e9s recevront un montant pr\u00e9d\u00e9termin\u00e9, offrant ainsi une s\u00e9curit\u00e9 financi\u00e8re essentielle dans des moments difficiles.<\/p>\n<a class=\"contact btn\" href=\"https:\/\/www.assurancegatineau.com\/fr\/contact\/?service=Assurance vie\" aria-label=\"Demandez un rendez-vous\">Demandez un rendez-vous<\/a>\n<\/p><\/div>\n<\/p><\/div>\n<div class=\"lc-block\">\n<div editable=\"rich\">\n<h2>Comment choisir votre assurance vie ?<\/h2>\n<p>Lorsqu&rsquo;il s&rsquo;agit de choisir votre assurance vie, plusieurs options, adapt\u00e9es \u00e0 vos budgets et besoins sp\u00e9cifiques, s&rsquo;offrent \u00e0 vous. Votre courtier chez Assurance Gatineau sera l\u00e0 pour vous guider dans cette d\u00e9marche importante afin de d\u00e9terminer le montant de couverture id\u00e9al pour votre assurance vie.<\/p>\n<p>Ce montant de prestation d\u00e9c\u00e8s sera con\u00e7u pour couvrir divers aspects essentiels, notamment :<\/p>\n<ul>\n<li>Votre hypoth\u00e8que;<\/li>\n<li>Vos dettes;<\/li>\n<li>Les d\u00e9penses de la vie quotidienne de votre famille (frais de scolarit\u00e9, besoins m\u00e9dicaux, etc.);<\/li>\n<li>Votre revenu.<\/li>\n<\/ul>\n<p>Une fois ce montant de couverture \u00e9tabli, votre courtier en assurance chez Assurance Gatineau vous aidera \u00e0 choisir la police d\u2019assurance vie la mieux adapt\u00e9e \u00e0 vos besoins sp\u00e9cifiques.<\/p>\n<p>Il existe en effet plusieurs types de polices d&rsquo;assurance vie con\u00e7ues pour prot\u00e9ger vos proches ou votre entreprise.<\/p>\n<p>N\u2019h\u00e9sitez pas \u00e0 nous contacter au 819-663-7535 ou via notre <a href=\"\/contact\">formulaire de contact<\/a> pour obtenir de plus amples renseignements et b\u00e9n\u00e9ficier de l&rsquo;expertise de l\u2019\u00e9quipe d\u2019Assurance Gatineau.<\/p>\n<\/p><\/div>\n<\/p><\/div>\n<p><!-- \/lc-block -->\n\t\t\t<\/div>\n<p><!-- \/col --><\/p>\n<div class=\"col-xl-3 d-xl-block d-none\">\n<div class=\"lc-block zigzags mt-5\">\n\t\t\t\t\t<picture><source srcset=\"https:\/\/www.assurancegatineau.com\/wp-content\/uploads\/2021\/11\/femme.webp\" type=\"image\/webp\"><img loading=\"lazy\" decoding=\"async\" class=\"img-fluid border-primary jetpack-lazy-image\" src=\"https:\/\/www.assurancegatineau.com\/wp-content\/uploads\/2021\/11\/femme.jpg\" alt=\"\" width=\"479\" height=\"700\" data-lazy-srcset=\"https:\/\/www.assurancegatineau.com\/wp-content\/uploads\/2021\/11\/femme.jpg 479w, https:\/\/www.assurancegatineau.com\/wp-content\/uploads\/2021\/11\/femme-205x300.jpg 205w\" data-lazy-sizes=\"(max-width: 479px) 100vw, 479px\" data-lazy-src=\"https:\/\/www.assurancegatineau.com\/wp-content\/uploads\/2021\/11\/femme.jpg?is-pending-load=1\" srcset=\"data:image\/gif;base64,R0lGODlhAQABAIAAAAAAAP\/\/\/yH5BAEAAAAALAAAAAABAAEAAAIBRAA7\"><\/picture><noscript><picture><source srcset=\"https:\/\/www.assurancegatineau.com\/wp-content\/uploads\/2021\/11\/femme.webp\" type=\"image\/webp\"><img loading=\"lazy\" decoding=\"async\" data-lazy-fallback=\"1\" class=\"img-fluid border-primary\" src=\"https:\/\/www.assurancegatineau.com\/wp-content\/uploads\/2021\/11\/femme.jpg\" srcset=\"https:\/\/www.assurancegatineau.com\/wp-content\/uploads\/2021\/11\/femme.jpg 479w, https:\/\/www.assurancegatineau.com\/wp-content\/uploads\/2021\/11\/femme-205x300.jpg 205w\" sizes=\"auto, (max-width: 479px) 100vw, 479px\" alt=\"\" width=\"479\" height=\"700\"><\/picture><\/noscript>\n\t\t\t\t<\/div>\n<p><!-- \/lc-block -->\n\t\t\t<\/div>\n<p><!-- \/col -->\n\t\t<\/div>\n<\/p><\/div>\n<\/section>\n<div class=\"hr square angled\"><\/div>\n<section class=\"\">\n<div class=\"container\">\n<div class=\"row\">\n<div class=\"col-xl-3 d-xl-block d-none\">\n<div class=\"lc-block circles mt-5\">\n\t\t\t\t\t<picture><source srcset=\"https:\/\/www.assurancegatineau.com\/wp-content\/uploads\/2021\/11\/homme-golf.webp\" type=\"image\/webp\"><img loading=\"lazy\" decoding=\"async\" class=\"img-fluid border-primary jetpack-lazy-image\" src=\"https:\/\/www.assurancegatineau.com\/wp-content\/uploads\/2021\/11\/homme-golf.jpg\" alt=\"\" width=\"505\" height=\"738\" data-lazy-srcset=\"https:\/\/www.assurancegatineau.com\/wp-content\/uploads\/2021\/11\/homme-golf.jpg 505w, https:\/\/www.assurancegatineau.com\/wp-content\/uploads\/2021\/11\/homme-golf-205x300.jpg 205w\" data-lazy-sizes=\"(max-width: 505px) 100vw, 505px\" data-lazy-src=\"https:\/\/www.assurancegatineau.com\/wp-content\/uploads\/2021\/11\/homme-golf.jpg?is-pending-load=1\" srcset=\"data:image\/gif;base64,R0lGODlhAQABAIAAAAAAAP\/\/\/yH5BAEAAAAALAAAAAABAAEAAAIBRAA7\"><\/picture><noscript><picture><source srcset=\"https:\/\/www.assurancegatineau.com\/wp-content\/uploads\/2021\/11\/homme-golf.webp\" type=\"image\/webp\"><img loading=\"lazy\" decoding=\"async\" data-lazy-fallback=\"1\" class=\"img-fluid border-primary\" src=\"https:\/\/www.assurancegatineau.com\/wp-content\/uploads\/2021\/11\/homme-golf.jpg\" srcset=\"https:\/\/www.assurancegatineau.com\/wp-content\/uploads\/2021\/11\/homme-golf.jpg 505w, https:\/\/www.assurancegatineau.com\/wp-content\/uploads\/2021\/11\/homme-golf-205x300.jpg 205w\" sizes=\"auto, (max-width: 505px) 100vw, 505px\" alt=\"\" width=\"505\" height=\"738\"><\/picture><\/noscript>\n\t\t\t\t<\/div>\n<p><!-- \/lc-block -->\n\t\t\t<\/div>\n<p><!-- \/col --><\/p>\n<div class=\"col-xl-9\">\n<div class=\"lc-block\">\n<div editable=\"rich\">\n<h2>L\u2019assurance vie universelle<\/h2>\n<p>L\u2019assurance vie universelle repr\u00e9sente un mariage entre un produit financier et une couverture d\u2019assurance. Consid\u00e9r\u00e9e comme l&rsquo;un des produits d&rsquo;assurance les plus complets et complexes au Qu\u00e9bec, elle offre une gamme \u00e9tendue d&rsquo;avantages, tant en termes d&rsquo;\u00e9pargne que de fiscalit\u00e9.<\/p>\n<p>Chez Assurance Gatineau, votre courtier en assurance est l\u00e0 pour vous guider \u00e0 travers les subtilit\u00e9s de cette option. Il vous expliquera les avantages de cette forme de placement en mati\u00e8re d\u2019\u00e9pargne, ainsi que ses implications fiscales.<\/p>\n<p>L\u2019assurance vie universelle vous permet de cro\u00eetre un capital au fil du temps tout en garantissant une protection financi\u00e8re durable pour les membres de votre famille ou de votre entreprise en cas de d\u00e9c\u00e8s.<\/p>\n<p>Vous vous demandez si l\u2019assurance vie universelle vous convient? Pour en savoir plus sur cette solution d&rsquo;assurance polyvalente, contactez-nous d\u00e8s aujourd\u2019hui au 819-663-7535&nbsp;<span>ou via notre <a href=\"\/contact\">formulaire de contact<\/a>. Nous serons ravis de discuter avec vous et de vous aider \u00e0 choisir la meilleure police en fonction de votre situation particuli\u00e8re.<\/span><\/p>\n<\/p>\n<\/p><\/div>\n<\/p><\/div>\n<div class=\"lc-block\">\n<div editable=\"rich\">\n<h2>L\u2019assurance vie temporaire<\/h2>\n<p>Comme son nom l\u2019indique, l\u2019assurance vie temporaire est con\u00e7ue pour offrir une couverture d\u2019assurance sur une p\u00e9riode de temps d\u00e9termin\u00e9e. Ce type d\u2019assurance offre une protection pendant une dur\u00e9e pr\u00e9cise, fix\u00e9e au moment de la souscription. C\u2019est une solution \u00e9conomique et efficace pour prot\u00e9ger vos proches ou votre entreprise pendant les ann\u00e9es o\u00f9 les besoins financiers sont les plus importants.<\/p>\n<p>En optant pour une assurance vie temporaire chez Assurance Gatineau, vous garantissez \u00e0 vos b\u00e9n\u00e9ficiaires un montant pr\u00e9d\u00e9fini pour couvrir divers besoins, tels que les frais de subsistance, les dettes, ou autres, sur une p\u00e9riode sp\u00e9cifique que vous choisissez \u00e0 l&rsquo;avance.<\/p>\n<p>En plus de l\u2019assurance vie universelle et de l\u2019assurance vie temporaire, il existe d\u2019autres options d\u2019assurance vie disponibles au Qu\u00e9bec, r\u00e9pondant aux besoins vari\u00e9s des individus et des professionnels. Ces options comprennent, entre autres, l\u2019assurance vie permanente, l\u2019assurance vie collective, et l\u2019assurance vie enti\u00e8re.<\/p>\n<p>Qu\u2019elle soit votre \u00e9tat de sant\u00e9, votre \u00e2ge ou vos besoins en mati\u00e8re d\u2019assurance vie en Outaouais ou Ottawa, chez Assurance Gatineau, nous nous engageons \u00e0 trouver pour vous la protection la plus adapt\u00e9e et avantageuse au Qu\u00e9bec. N&rsquo;h\u00e9sitez pas \u00e0 nous contacter au 819-663-7535 ou \u00e0 nous envoyer une demande de soumission via notre <a href=\"\/contact\">formulaire de contact<\/a> pour en savoir plus.<\/p>\n<a class=\"contact btn\" href=\"https:\/\/www.assurancegatineau.com\/fr\/contact\/\" aria-label=\"Contactez-nous\">Contactez-nous<\/a>\n<\/p><\/div>\n<\/p><\/div>\n<p><!-- \/lc-block -->\n\t\t\t<\/div>\n<p><!-- \/col -->\n\t\t<\/div>\n<\/p><\/div>\n<\/section>\n","protected":false},"excerpt":{"rendered":"<p>Assurance vie temporaire ou permanente?Avec ou sans examen m\u00e9dical! Quel est le but d\u2019une assurance vie ? L&rsquo;objectif principal d&rsquo;une assurance vie est de fournir une protection financi\u00e8re aux membres de votre famille ou \u00e0 votre entreprise en cas de d\u00e9c\u00e8s soudain.&nbsp;Elle permet de laisser un capital \u00e0 vos b\u00e9n\u00e9ficiaires pour couvrir les dettes, maintenir [&hellip;]<\/p>\n","protected":false},"author":1,"featured_media":93,"parent":0,"menu_order":0,"comment_status":"closed","ping_status":"closed","template":"","meta":{"footnotes":""},"categories":[10],"class_list":["post-11","page","type-page","status-publish","has-post-thumbnail","hentry","category-assurance"],"_links":{"self":[{"href":"https:\/\/www.assurancegatineau.com\/fr\/wp-json\/wp\/v2\/pages\/11","targetHints":{"allow":["GET"]}}],"collection":[{"href":"https:\/\/www.assurancegatineau.com\/fr\/wp-json\/wp\/v2\/pages"}],"about":[{"href":"https:\/\/www.assurancegatineau.com\/fr\/wp-json\/wp\/v2\/types\/page"}],"author":[{"embeddable":true,"href":"https:\/\/www.assurancegatineau.com\/fr\/wp-json\/wp\/v2\/users\/1"}],"replies":[{"embeddable":true,"href":"https:\/\/www.assurancegatineau.com\/fr\/wp-json\/wp\/v2\/comments?post=11"}],"version-history":[{"count":42,"href":"https:\/\/www.assurancegatineau.com\/fr\/wp-json\/wp\/v2\/pages\/11\/revisions"}],"predecessor-version":[{"id":1293,"href":"https:\/\/www.assurancegatineau.com\/fr\/wp-json\/wp\/v2\/pages\/11\/revisions\/1293"}],"wp:featuredmedia":[{"embeddable":true,"href":"https:\/\/www.assurancegatineau.com\/fr\/wp-json\/wp\/v2\/media\/93"}],"wp:attachment":[{"href":"https:\/\/www.assurancegatineau.com\/fr\/wp-json\/wp\/v2\/media?parent=11"}],"wp:term":[{"taxonomy":"category","embeddable":true,"href":"https:\/\/www.assurancegatineau.com\/fr\/wp-json\/wp\/v2\/categories?post=11"}],"curies":[{"name":"wp","href":"https:\/\/api.w.org\/{rel}","templated":true}]}}