{"id":13,"date":"2021-11-24T14:33:00","date_gmt":"2021-11-24T19:33:00","guid":{"rendered":"https:\/\/www.assurancegatineau.com\/?page_id=13"},"modified":"2025-05-07T12:54:37","modified_gmt":"2025-05-07T16:54:37","slug":"assurance-habitation","status":"publish","type":"page","link":"https:\/\/www.assurancegatineau.com\/fr\/assurance-habitation\/","title":{"rendered":"Autres Assurances"},"content":{"rendered":"<section class=\"h1-container\">\n<div class=\"container-fluid\">\n<div class=\"row bg-banner\">\n<div class=\"col\">\n<div class=\"lc-block\">\n\t\t\t\t\t<picture><source srcset=\"https:\/\/www.assurancegatineau.com\/wp-content\/uploads\/2021\/11\/banniere-plans.webp\" type=\"image\/webp\"><picture><source srcset=\"https:\/\/www.assurancegatineau.com\/wp-content\/uploads\/2021\/11\/banniere-plans.webp\" type=\"image\/webp\"><img loading=\"lazy\" decoding=\"async\" class=\"img-fluid skip-lazy\" src=\"https:\/\/www.assurancegatineau.com\/wp-content\/uploads\/2021\/11\/banniere-plans.jpg\" srcset=\"https:\/\/www.assurancegatineau.com\/wp-content\/uploads\/2021\/11\/banniere-plans.jpg 1920w, https:\/\/www.assurancegatineau.com\/wp-content\/uploads\/2021\/11\/banniere-plans-300x63.jpg 300w, https:\/\/www.assurancegatineau.com\/wp-content\/uploads\/2021\/11\/banniere-plans-1024x213.jpg 1024w, https:\/\/www.assurancegatineau.com\/wp-content\/uploads\/2021\/11\/banniere-plans-768x160.jpg 768w, https:\/\/www.assurancegatineau.com\/wp-content\/uploads\/2021\/11\/banniere-plans-1536x320.jpg 1536w, https:\/\/www.assurancegatineau.com\/wp-content\/uploads\/2021\/11\/banniere-plans-534x111.jpg 534w\" sizes=\"auto, (max-width: 1920px) 100vw, 1920px\" alt=\"\" width=\"1920\" height=\"400\"><\/picture><\/picture><noscript><picture><source srcset=\"https:\/\/www.assurancegatineau.com\/wp-content\/uploads\/2021\/11\/banniere-plans.webp\" type=\"image\/webp\"><picture><source srcset=\"https:\/\/www.assurancegatineau.com\/wp-content\/uploads\/2021\/11\/banniere-plans.webp\" type=\"image\/webp\"><img loading=\"lazy\" decoding=\"async\" data-lazy-fallback=\"1\" class=\"img-fluid skip-lazy\" src=\"https:\/\/www.assurancegatineau.com\/wp-content\/uploads\/2021\/11\/banniere-plans.jpg\" srcset=\"https:\/\/www.assurancegatineau.com\/wp-content\/uploads\/2021\/11\/banniere-plans.jpg 1920w, https:\/\/www.assurancegatineau.com\/wp-content\/uploads\/2021\/11\/banniere-plans-300x63.jpg 300w, https:\/\/www.assurancegatineau.com\/wp-content\/uploads\/2021\/11\/banniere-plans-1024x213.jpg 1024w, https:\/\/www.assurancegatineau.com\/wp-content\/uploads\/2021\/11\/banniere-plans-768x160.jpg 768w, https:\/\/www.assurancegatineau.com\/wp-content\/uploads\/2021\/11\/banniere-plans-1536x320.jpg 1536w, https:\/\/www.assurancegatineau.com\/wp-content\/uploads\/2021\/11\/banniere-plans-534x111.jpg 534w\" sizes=\"auto, (max-width: 1920px) 100vw, 1920px\" alt=\"\" width=\"1920\" height=\"400\"><\/picture><\/picture><\/noscript>\n\t\t\t\t<\/div>\n<\/p><\/div>\n<\/p><\/div>\n<div class=\"row\">\n<div class=\"col-12\">\n<div class=\"lc-block d-none d-xl-block\">\n\t\t\t\t\t<picture><source srcset=\"https:\/\/www.assurancegatineau.com\/wp-content\/uploads\/2021\/11\/logo.webp\" type=\"image\/webp\"><picture><source srcset=\"https:\/\/www.assurancegatineau.com\/wp-content\/uploads\/2021\/11\/logo.webp\" type=\"image\/webp\"><img loading=\"lazy\" decoding=\"async\" class=\"img-fluid mt-2 skip-lazy\" src=\"https:\/\/www.assurancegatineau.com\/wp-content\/uploads\/2021\/11\/logo.png\" srcset=\"https:\/\/www.assurancegatineau.com\/wp-content\/uploads\/2021\/11\/logo.png 500w, https:\/\/www.assurancegatineau.com\/wp-content\/uploads\/2021\/11\/logo-300x141.png 300w\" sizes=\"auto, (max-width: 500px) 100vw, 500px\" alt=\"\" width=\"500\" height=\"235\"><\/picture><\/picture><noscript><picture><source srcset=\"https:\/\/www.assurancegatineau.com\/wp-content\/uploads\/2021\/11\/logo.webp\" type=\"image\/webp\"><picture><source srcset=\"https:\/\/www.assurancegatineau.com\/wp-content\/uploads\/2021\/11\/logo.webp\" type=\"image\/webp\"><img loading=\"lazy\" decoding=\"async\" data-lazy-fallback=\"1\" class=\"img-fluid mt-2 skip-lazy\" src=\"https:\/\/www.assurancegatineau.com\/wp-content\/uploads\/2021\/11\/logo.png\" srcset=\"https:\/\/www.assurancegatineau.com\/wp-content\/uploads\/2021\/11\/logo.png 500w, https:\/\/www.assurancegatineau.com\/wp-content\/uploads\/2021\/11\/logo-300x141.png 300w\" sizes=\"auto, (max-width: 500px) 100vw, 500px\" alt=\"\" width=\"500\" height=\"235\"><\/picture><\/picture><\/noscript>\n\t\t\t\t<\/div>\n<p><!-- \/lc-block\\ --><\/p>\n<div class=\"lc-block h1-div\">\n<div editable=\"rich\">\n<h1 class=\"smol\">Votre courtier en assurance <br \/>Magasine la meilleure police pour vous <br \/>Gagnez du temps en nous appelant<\/h1>\n<\/p><\/div>\n<div lc-helper=\"shortcode\" class=\"live-shortcode\"><a class=\"contact btn\" href=\"https:\/\/www.assurancegatineau.com\/fr\/contact\/\" aria-label=\"Appelez-nous\">Appelez-nous<\/a><\/div>\n<\/p><\/div>\n<p><!-- \/lc-block -->\n\t\t\t<\/div>\n<p><!-- \/col -->\n\t\t<\/div>\n<\/p><\/div>\n<\/section>\n<div class=\"separator square angled\"><\/div>\n<section class=\"\">\n<div class=\"container\">\n<div class=\"row\">\n<div class=\"col-xl-9\">\n<div class=\"lc-block\">\n<div editable=\"rich\">\n<h2>Vous avez besoin d\u2019une assurance?<\/h2>\n<p>Chez Assurance Gatineau, nous sommes en partenariat avec plusieurs assureurs canadiens, ce qui nous permet de vous faire gagner du temps dans le choix de la couverture d&rsquo;assurance dont vous avez besoin.<\/p>\n<p>Certaines assurances sont obligatoires, requises par la loi. Par exemple, pour finaliser l&rsquo;achat d&rsquo;une nouvelle propri\u00e9t\u00e9, il est n\u00e9cessaire de pr\u00e9senter votre police d&rsquo;assurance habitation au notaire le jour de la signature de l&rsquo;acte d&rsquo;achat.<\/p>\n<p>Lorsque vous magasinez une assurance, il se peut que vous n&rsquo;ayez pas le temps d&rsquo;\u00e9valuer plusieurs soumissions de diff\u00e9rentes compagnies d&rsquo;assurance, que ce soit au Qu\u00e9bec ou \u00e0 travers le Canada.<\/p>\n<p>En travaillant avec votre courtier en assurance chez Assurance Gatineau en Outaouais et Ottawa, vous pourrez souscrire \u00e0 la police d&rsquo;assurance la plus avantageuse et rentable pour vous, et ce, en un temps tr\u00e8s court.<\/p>\n<p>Votre courtier en assurance vous \u00e9clairera sur les diff\u00e9rents crit\u00e8res et caract\u00e9ristiques de chaque police d&rsquo;assurance, et vous conseillera sur les montants de couverture dont vous aurez besoin.<\/p>\n<p>Pour obtenir des conseils personnalis\u00e9s sur votre assurance, contactez votre courtier au 819-663-7535 ou utilisez notre <a href=\"\/contact\">formulaire de contact<\/a> pour prendre un rendez-vous.<\/p>\n<a class=\"contact btn\" href=\"https:\/\/www.assurancegatineau.com\/fr\/contact\/?service=Autres Assurances\" aria-label=\"Demandez un rendez-vous\">Demandez un rendez-vous<\/a>\n<\/p><\/div>\n<\/p><\/div>\n<p>\t\t\t\t<!-- \/lc-block -->\n\t\t\t<\/div>\n<p><!-- \/col --><\/p>\n<div class=\"col-xl-3 d-xl-block d-none\">\n<div class=\"lc-block hexagons mt-5\">\n\t\t\t\t\t<picture><source srcset=\"https:\/\/www.assurancegatineau.com\/wp-content\/uploads\/2021\/11\/famille-dehors.webp\" type=\"image\/webp\"><picture><source srcset=\"https:\/\/www.assurancegatineau.com\/wp-content\/uploads\/2021\/11\/famille-dehors.webp\" type=\"image\/webp\"><img loading=\"lazy\" decoding=\"async\" class=\"img-fluid border-primary jetpack-lazy-image\" src=\"https:\/\/www.assurancegatineau.com\/wp-content\/uploads\/2021\/11\/famille-dehors.jpg\" alt=\"\" width=\"479\" height=\"700\" data-lazy-srcset=\"https:\/\/www.assurancegatineau.com\/wp-content\/uploads\/2021\/11\/famille-dehors.jpg 479w, https:\/\/www.assurancegatineau.com\/wp-content\/uploads\/2021\/11\/famille-dehors-205x300.jpg 205w\" data-lazy-sizes=\"(max-width: 479px) 100vw, 479px\" data-lazy-src=\"https:\/\/www.assurancegatineau.com\/wp-content\/uploads\/2021\/11\/famille-dehors.jpg?is-pending-load=1\" srcset=\"data:image\/gif;base64,R0lGODlhAQABAIAAAAAAAP\/\/\/yH5BAEAAAAALAAAAAABAAEAAAIBRAA7\"><\/picture><\/picture><noscript><picture><source srcset=\"https:\/\/www.assurancegatineau.com\/wp-content\/uploads\/2021\/11\/famille-dehors.webp\" type=\"image\/webp\"><picture><source srcset=\"https:\/\/www.assurancegatineau.com\/wp-content\/uploads\/2021\/11\/famille-dehors.webp\" type=\"image\/webp\"><img loading=\"lazy\" decoding=\"async\" data-lazy-fallback=\"1\" class=\"img-fluid border-primary\" src=\"https:\/\/www.assurancegatineau.com\/wp-content\/uploads\/2021\/11\/famille-dehors.jpg\" srcset=\"https:\/\/www.assurancegatineau.com\/wp-content\/uploads\/2021\/11\/famille-dehors.jpg 479w, https:\/\/www.assurancegatineau.com\/wp-content\/uploads\/2021\/11\/famille-dehors-205x300.jpg 205w\" sizes=\"auto, (max-width: 479px) 100vw, 479px\" alt=\"\" width=\"479\" height=\"700\"><\/picture><\/picture><\/noscript>\n\t\t\t\t<\/div>\n<p><!-- \/lc-block -->\n\t\t\t<\/div>\n<p><!-- \/col -->\n\t\t<\/div>\n<\/p><\/div>\n<\/section>\n<div class=\"hr circle\"><\/div>\n<section class=\"\">\n<div class=\"container\">\n<div class=\"row\">\n<div class=\"col-xl-3 d-xl-block d-none\">\n<div class=\"lc-block rhombuses mt-5 sticky-top\">\n\t\t\t\t\t<picture><source srcset=\"https:\/\/www.assurancegatineau.com\/wp-content\/uploads\/2021\/11\/femme-priere.webp\" type=\"image\/webp\"><picture><source srcset=\"https:\/\/www.assurancegatineau.com\/wp-content\/uploads\/2021\/11\/femme-priere.webp\" type=\"image\/webp\"><img loading=\"lazy\" decoding=\"async\" class=\"img-fluid border-primary jetpack-lazy-image\" src=\"https:\/\/www.assurancegatineau.com\/wp-content\/uploads\/2021\/11\/femme-priere.jpg\" alt=\"\" width=\"505\" height=\"738\" data-lazy-srcset=\"https:\/\/www.assurancegatineau.com\/wp-content\/uploads\/2021\/11\/femme-priere.jpg 505w, https:\/\/www.assurancegatineau.com\/wp-content\/uploads\/2021\/11\/femme-priere-205x300.jpg 205w\" data-lazy-sizes=\"(max-width: 505px) 100vw, 505px\" data-lazy-src=\"https:\/\/www.assurancegatineau.com\/wp-content\/uploads\/2021\/11\/femme-priere.jpg?is-pending-load=1\" srcset=\"data:image\/gif;base64,R0lGODlhAQABAIAAAAAAAP\/\/\/yH5BAEAAAAALAAAAAABAAEAAAIBRAA7\"><\/picture><\/picture><noscript><picture><source srcset=\"https:\/\/www.assurancegatineau.com\/wp-content\/uploads\/2021\/11\/femme-priere.webp\" type=\"image\/webp\"><picture><source srcset=\"https:\/\/www.assurancegatineau.com\/wp-content\/uploads\/2021\/11\/femme-priere.webp\" type=\"image\/webp\"><img loading=\"lazy\" decoding=\"async\" data-lazy-fallback=\"1\" class=\"img-fluid border-primary\" src=\"https:\/\/www.assurancegatineau.com\/wp-content\/uploads\/2021\/11\/femme-priere.jpg\" srcset=\"https:\/\/www.assurancegatineau.com\/wp-content\/uploads\/2021\/11\/femme-priere.jpg 505w, https:\/\/www.assurancegatineau.com\/wp-content\/uploads\/2021\/11\/femme-priere-205x300.jpg 205w\" sizes=\"auto, (max-width: 505px) 100vw, 505px\" alt=\"\" width=\"505\" height=\"738\"><\/picture><\/picture><\/noscript>\n\t\t\t\t<\/div>\n<p><!-- \/lc-block -->\n\t\t\t<\/div>\n<p><!-- \/col --><\/p>\n<div class=\"col-xl-9\">\n<div class=\"lc-block\">\n<div editable=\"rich\">\n<h2>Quelles sont les couvertures d&rsquo;assurance dont vous pourriez avoir besoin ?<\/h2>\n<p>Selon votre \u00e2ge et votre situation familiale, il est possible que vous ayez besoin d&rsquo;une ou plusieurs polices d&rsquo;assurance pour prot\u00e9ger votre famille ou votre entreprise.<\/p>\n<p>Certaines assurances sont obligatoires et requises par la loi au Canada, notamment au Qu\u00e9bec et en Ontario, tandis que d&rsquo;autres sont exig\u00e9es par les pays dans lesquels vous r\u00e9sidez, voyagez ou travaillez.<\/p>\n<p>D&rsquo;autres protections d&rsquo;assurance sont optionnelles, mais deviennent de plus en plus indispensables pour maintenir un \u00e9quilibre financier et assurer une protection ad\u00e9quate de votre patrimoine.<\/p>\n<p>Voici quelques-unes des principales polices d&rsquo;assurance souvent demand\u00e9es par notre client\u00e8le :<\/p>\n<\/p><\/div>\n<\/p><\/div>\n<div class=\"lc-block\">\n<div editable=\"rich\">\n<h3>Assurance hypoth\u00e9caire<\/h3>\n<p>Lorsque vous obtenez un pr\u00eat hypoth\u00e9caire, il est courant que votre conseiller bancaire vous propose une assurance hypoth\u00e9caire pour couvrir le solde restant en cas d&rsquo;invalidit\u00e9, d&rsquo;accident ou de d\u00e9c\u00e8s de l&rsquo;un des signataires de l&rsquo;acte d&rsquo;achat.<\/p>\n<p>Cependant, il est recommand\u00e9 de magasiner cette assurance aupr\u00e8s d&rsquo;une compagnie d&rsquo;assurance comme Assurance Gatineau pour b\u00e9n\u00e9ficier de plus de flexibilit\u00e9 et d&rsquo;avantages.<\/p>\n<p>Pour plus d&rsquo;informations sur l&rsquo;assurance hypoth\u00e9caire, contactez votre courtier en assurance au 819-663-7535 ou utilisez notre <a href=\"\/contact\">formulaire de contact<\/a> pour prendre rendez-vous.<\/p>\n<a class=\"contact btn\" href=\"https:\/\/www.assurancegatineau.com\/fr\/contact\/?service=Autres Assurances\" aria-label=\"Demandez un rendez-vous\">Demandez un rendez-vous<\/a>\n<\/p><\/div>\n<\/p><\/div>\n<div class=\"lc-block\">\n<div editable=\"rich\">\n<h3>Assurance pr\u00eat<\/h3>\n<p>L\u2019assurance pr\u00eat est une solution essentielle pour prot\u00e9ger votre situation financi\u00e8re contre divers \u00e9v\u00e9nements impr\u00e9vus tels que l&rsquo;invalidit\u00e9, la maladie, un accident, le d\u00e9c\u00e8s ou m\u00eame le ch\u00f4mage.<\/p>\n<p>Sur le march\u00e9, plusieurs polices et options de couverture de pr\u00eat sont disponibles pour r\u00e9pondre aux besoins de diff\u00e9rents groupes d\u00e9mographiques, qu&rsquo;il s&rsquo;agisse de jeunes, d&rsquo;adultes ou de personnes \u00e2g\u00e9es, quel que soit leur contexte financier.<\/p>\n<p>Votre courtier en assurance chez Assurance Gatineau poss\u00e8de l&rsquo;expertise n\u00e9cessaire pour \u00e9valuer votre situation financi\u00e8re actuelle, ainsi que pour anticiper et \u00e9valuer les risques potentiels auxquels vous pourriez \u00eatre confront\u00e9s \u00e0 l&rsquo;avenir. En travaillant avec vous, il pourra recommander les conditions et les termes les plus appropri\u00e9s pour votre assurance pr\u00eat, garantissant ainsi une protection optimale en fonction de vos besoins sp\u00e9cifiques.<\/p>\n<p>N&rsquo;h\u00e9sitez pas \u00e0 contacter votre courtier en assurance au 819-663-7535 ou \u00e0 utiliser notre <a href=\"\/contact\">formulaire de contact<\/a> pour fixer un rendez-vous et obtenir des conseils personnalis\u00e9s au sujet de votre assurance pr\u00eat.<\/p>\n<a class=\"contact btn\" href=\"https:\/\/www.assurancegatineau.com\/fr\/contact\/?service=Autres Assurances\" aria-label=\"Demandez un rendez-vous\">Demandez un rendez-vous<\/a>\n<\/p><\/div>\n<\/p><\/div>\n<div class=\"lc-block\">\n<div editable=\"rich\">\n<h3>Assurance voyage<\/h3>\n<p>L\u2019assurance voyage est essentielle pour vous permettre de profiter pleinement de votre s\u00e9jour en toute tranquillit\u00e9, sans vous soucier des impr\u00e9vus qui pourraient survenir avant ou pendant votre s\u00e9jour. En effet, la plupart des couvertures d&rsquo;assurance voyage offrent une assistance d\u2019urgence disponible 24 heures sur 24 et 7 jours sur 7, ainsi qu&rsquo;un service client\u00e8le multilingue pour vous accompagner en cas de besoin.<\/p>\n<p>En fonction des options que vous choisissez, votre assurance voyage peut couvrir un montant pr\u00e9\u00e9tabli pour toutes les d\u00e9penses encourues en cas d&rsquo;hospitalisation, de soins m\u00e9dicaux d&rsquo;urgence ou de traitements m\u00e9dicaux n\u00e9cessaires.<\/p>\n<p>De plus, votre assurance voyage peut vous prot\u00e9ger en cas de maladie pr\u00e9existante, d&rsquo;annulation ou d&rsquo;interruption de votre voyage, ainsi que de perte ou de vol de vos bagages.<\/p>\n<p>Selon votre \u00e2ge et votre \u00e9tat de sant\u00e9, vous avez la possibilit\u00e9 de souscrire \u00e0 une assurance voyage avec ou sans examen m\u00e9dical, ce qui vous offre une flexibilit\u00e9 adapt\u00e9e \u00e0 vos besoins sp\u00e9cifiques.<\/p>\n<p>Pour obtenir de plus amples informations sur les options disponibles et pour souscrire \u00e0 une assurance voyage, veuillez contacter votre courtier en assurance chez Assurance Gatineau au 819-663-7535 ou utiliser notre <a href=\"\/contact\">formulaire de contact<\/a> pour prendre rendez-vous.<\/p>\n<a class=\"contact btn\" href=\"https:\/\/www.assurancegatineau.com\/fr\/contact\/?service=Autres Assurances\" aria-label=\"Demandez un rendez-vous\">Demandez un rendez-vous<\/a>\n<\/p><\/div>\n<\/p><\/div>\n<div class=\"lc-block\">\n<div editable=\"rich\">\n<h3>Service financier<\/h3>\n<p>En plus de fournir une protection financi\u00e8re, de nombreux produits d\u2019assurance offrent \u00e9galement des avantages en tant que placements financiers. Votre courtier en assurance peut vous guider dans le choix des polices et des modalit\u00e9s qui conviennent le mieux \u00e0 vos besoins sp\u00e9cifiques.<\/p>\n<p>En effet, certaines polices d&rsquo;assurance peuvent \u00eatre consid\u00e9r\u00e9es comme des instruments de placement, offrant des avantages fiscaux et la possibilit\u00e9 de faire cro\u00eetre votre capital.&nbsp;<span>Chez Assurance Gatineau, nous pouvons vous conseiller sur les types de contrats \u00e0 privil\u00e9gier en fonction de votre situation financi\u00e8re et de vos objectifs.<\/span><\/p>\n<\/p>\n<p>Nous pouvons \u00e9galement vous informer sur les \u00e9ventuelles possibilit\u00e9s de conversion de votre assurance en placement financier, en fonction de l&rsquo;\u00e9volution de votre dossier et de vos besoins futurs.<\/p>\n<p>Pour obtenir de plus amples informations sur les produits d&rsquo;assurance et financiers disponibles, veuillez contacter votre courtier en assurance en Outaouais et Ottawa au 819-663-7535 ou utiliser notre <a href=\"\/contact\">formulaire de contact<\/a> pour prendre rendez-vous.<\/p>\n<a class=\"contact btn\" href=\"https:\/\/www.assurancegatineau.com\/fr\/contact\/?service=Autres Assurances\" aria-label=\"Demandez un rendez-vous\">Demandez un rendez-vous<\/a>\n<\/p><\/div>\n<\/p><\/div>\n<p><!-- \/lc-block -->\n\t\t\t<\/div>\n<p><!-- \/col -->\n\t\t<\/div>\n<\/p><\/div>\n<\/section>\n","protected":false},"excerpt":{"rendered":"<p>Votre courtier en assurance Magasine la meilleure police pour vous Gagnez du temps en nous appelant Vous avez besoin d\u2019une assurance? Chez Assurance Gatineau, nous sommes en partenariat avec plusieurs assureurs canadiens, ce qui nous permet de vous faire gagner du temps dans le choix de la couverture d&rsquo;assurance dont vous avez besoin. Certaines assurances [&hellip;]<\/p>\n","protected":false},"author":1,"featured_media":89,"parent":0,"menu_order":0,"comment_status":"closed","ping_status":"closed","template":"","meta":{"footnotes":""},"categories":[10],"class_list":["post-13","page","type-page","status-publish","has-post-thumbnail","hentry","category-assurance"],"_links":{"self":[{"href":"https:\/\/www.assurancegatineau.com\/fr\/wp-json\/wp\/v2\/pages\/13","targetHints":{"allow":["GET"]}}],"collection":[{"href":"https:\/\/www.assurancegatineau.com\/fr\/wp-json\/wp\/v2\/pages"}],"about":[{"href":"https:\/\/www.assurancegatineau.com\/fr\/wp-json\/wp\/v2\/types\/page"}],"author":[{"embeddable":true,"href":"https:\/\/www.assurancegatineau.com\/fr\/wp-json\/wp\/v2\/users\/1"}],"replies":[{"embeddable":true,"href":"https:\/\/www.assurancegatineau.com\/fr\/wp-json\/wp\/v2\/comments?post=13"}],"version-history":[{"count":39,"href":"https:\/\/www.assurancegatineau.com\/fr\/wp-json\/wp\/v2\/pages\/13\/revisions"}],"predecessor-version":[{"id":1297,"href":"https:\/\/www.assurancegatineau.com\/fr\/wp-json\/wp\/v2\/pages\/13\/revisions\/1297"}],"wp:featuredmedia":[{"embeddable":true,"href":"https:\/\/www.assurancegatineau.com\/fr\/wp-json\/wp\/v2\/media\/89"}],"wp:attachment":[{"href":"https:\/\/www.assurancegatineau.com\/fr\/wp-json\/wp\/v2\/media?parent=13"}],"wp:term":[{"taxonomy":"category","embeddable":true,"href":"https:\/\/www.assurancegatineau.com\/fr\/wp-json\/wp\/v2\/categories?post=13"}],"curies":[{"name":"wp","href":"https:\/\/api.w.org\/{rel}","templated":true}]}}