{"id":15,"date":"2021-11-24T14:33:16","date_gmt":"2021-11-24T19:33:16","guid":{"rendered":"https:\/\/www.assurancegatineau.com\/?page_id=15"},"modified":"2025-05-07T12:59:31","modified_gmt":"2025-05-07T16:59:31","slug":"a-propos","status":"publish","type":"page","link":"https:\/\/www.assurancegatineau.com\/fr\/a-propos\/","title":{"rendered":"\u00c0 Propos"},"content":{"rendered":"<section class=\"h1-container\">\n<div class=\"container-fluid\">\n<div class=\"row bg-banner\">\n<div class=\"col\">\n<div class=\"lc-block\">\n\t\t\t\t\t<picture><source srcset=\"https:\/\/www.assurancegatineau.com\/wp-content\/uploads\/2021\/11\/banniere-pietons.webp\" type=\"image\/webp\"><img loading=\"lazy\" decoding=\"async\" class=\"img-fluid skip-lazy\" src=\"https:\/\/www.assurancegatineau.com\/wp-content\/uploads\/2021\/11\/banniere-pietons.jpg\" srcset=\"https:\/\/www.assurancegatineau.com\/wp-content\/uploads\/2021\/11\/banniere-pietons.jpg 1920w, https:\/\/www.assurancegatineau.com\/wp-content\/uploads\/2021\/11\/banniere-pietons-300x63.jpg 300w, https:\/\/www.assurancegatineau.com\/wp-content\/uploads\/2021\/11\/banniere-pietons-1024x213.jpg 1024w, https:\/\/www.assurancegatineau.com\/wp-content\/uploads\/2021\/11\/banniere-pietons-768x160.jpg 768w, https:\/\/www.assurancegatineau.com\/wp-content\/uploads\/2021\/11\/banniere-pietons-1536x320.jpg 1536w, https:\/\/www.assurancegatineau.com\/wp-content\/uploads\/2021\/11\/banniere-pietons-534x111.jpg 534w\" sizes=\"auto, (max-width: 1920px) 100vw, 1920px\" alt=\"\" width=\"1920\" height=\"400\"><\/picture><noscript><picture><source srcset=\"https:\/\/www.assurancegatineau.com\/wp-content\/uploads\/2021\/11\/banniere-pietons.webp\" type=\"image\/webp\"><img loading=\"lazy\" decoding=\"async\" data-lazy-fallback=\"1\" class=\"img-fluid skip-lazy\" src=\"https:\/\/www.assurancegatineau.com\/wp-content\/uploads\/2021\/11\/banniere-pietons.jpg\" srcset=\"https:\/\/www.assurancegatineau.com\/wp-content\/uploads\/2021\/11\/banniere-pietons.jpg 1920w, https:\/\/www.assurancegatineau.com\/wp-content\/uploads\/2021\/11\/banniere-pietons-300x63.jpg 300w, https:\/\/www.assurancegatineau.com\/wp-content\/uploads\/2021\/11\/banniere-pietons-1024x213.jpg 1024w, https:\/\/www.assurancegatineau.com\/wp-content\/uploads\/2021\/11\/banniere-pietons-768x160.jpg 768w, https:\/\/www.assurancegatineau.com\/wp-content\/uploads\/2021\/11\/banniere-pietons-1536x320.jpg 1536w, https:\/\/www.assurancegatineau.com\/wp-content\/uploads\/2021\/11\/banniere-pietons-534x111.jpg 534w\" sizes=\"auto, (max-width: 1920px) 100vw, 1920px\" alt=\"\" width=\"1920\" height=\"400\"><\/picture><\/noscript>\n\t\t\t\t<\/div>\n<\/p><\/div>\n<\/p><\/div>\n<div class=\"row\">\n<div class=\"col-12\">\n<div class=\"lc-block d-none d-xl-block\">\n\t\t\t\t\t<picture><source srcset=\"https:\/\/www.assurancegatineau.com\/wp-content\/uploads\/2021\/11\/logo.webp\" type=\"image\/webp\"><img loading=\"lazy\" decoding=\"async\" class=\"img-fluid mt-2 skip-lazy\" src=\"https:\/\/www.assurancegatineau.com\/wp-content\/uploads\/2021\/11\/logo.png\" srcset=\"https:\/\/www.assurancegatineau.com\/wp-content\/uploads\/2021\/11\/logo.png 500w, https:\/\/www.assurancegatineau.com\/wp-content\/uploads\/2021\/11\/logo-300x141.png 300w\" sizes=\"auto, (max-width: 500px) 100vw, 500px\" alt=\"\" width=\"500\" height=\"235\"><\/picture><noscript><picture><source srcset=\"https:\/\/www.assurancegatineau.com\/wp-content\/uploads\/2021\/11\/logo.webp\" type=\"image\/webp\"><img loading=\"lazy\" decoding=\"async\" data-lazy-fallback=\"1\" class=\"img-fluid mt-2 skip-lazy\" src=\"https:\/\/www.assurancegatineau.com\/wp-content\/uploads\/2021\/11\/logo.png\" srcset=\"https:\/\/www.assurancegatineau.com\/wp-content\/uploads\/2021\/11\/logo.png 500w, https:\/\/www.assurancegatineau.com\/wp-content\/uploads\/2021\/11\/logo-300x141.png 300w\" sizes=\"auto, (max-width: 500px) 100vw, 500px\" alt=\"\" width=\"500\" height=\"235\"><\/picture><\/noscript>\n\t\t\t\t<\/div>\n<p><!-- \/lc-block\\ --><\/p>\n<div class=\"lc-block h1-div\">\n<div editable=\"rich\">\n<h1>Courtier en assurance <br \/> en Outaouais et Ottawa<br \/><\/h1>\n<\/p><\/div>\n<div lc-helper=\"shortcode\" class=\"live-shortcode\"><a class=\"contact btn\" href=\"https:\/\/www.assurancegatineau.com\/fr\/contact\/\" aria-label=\"Appelez-nous\">Appelez-nous<\/a><\/div>\n<\/p><\/div>\n<p><!-- \/lc-block -->\n\t\t\t<\/div>\n<p><!-- \/col -->\n\t\t<\/div>\n<\/p><\/div>\n<\/section>\n<section class=\"\">\n<div class=\"container\">\n<div class=\"row\">\n<div class=\"col-xl-3 d-xl-block d-none\">\n<div class=\"lc-block square-circles mt-5\">\n\t\t\t\t\t<picture><source srcset=\"https:\/\/www.assurancegatineau.com\/wp-content\/uploads\/2021\/11\/couple-dance.webp\" type=\"image\/webp\"><img loading=\"lazy\" decoding=\"async\" class=\"img-fluid border-primary jetpack-lazy-image\" src=\"https:\/\/www.assurancegatineau.com\/wp-content\/uploads\/2021\/11\/couple-dance.jpg\" alt=\"\" width=\"447\" height=\"654\" data-lazy-srcset=\"https:\/\/www.assurancegatineau.com\/wp-content\/uploads\/2021\/11\/couple-dance.jpg 447w, https:\/\/www.assurancegatineau.com\/wp-content\/uploads\/2021\/11\/couple-dance-205x300.jpg 205w\" data-lazy-sizes=\"(max-width: 447px) 100vw, 447px\" data-lazy-src=\"https:\/\/www.assurancegatineau.com\/wp-content\/uploads\/2021\/11\/couple-dance.jpg?is-pending-load=1\" srcset=\"data:image\/gif;base64,R0lGODlhAQABAIAAAAAAAP\/\/\/yH5BAEAAAAALAAAAAABAAEAAAIBRAA7\"><\/picture><noscript><picture><source srcset=\"https:\/\/www.assurancegatineau.com\/wp-content\/uploads\/2021\/11\/couple-dance.webp\" type=\"image\/webp\"><img loading=\"lazy\" decoding=\"async\" data-lazy-fallback=\"1\" class=\"img-fluid border-primary\" src=\"https:\/\/www.assurancegatineau.com\/wp-content\/uploads\/2021\/11\/couple-dance.jpg\" srcset=\"https:\/\/www.assurancegatineau.com\/wp-content\/uploads\/2021\/11\/couple-dance.jpg 447w, https:\/\/www.assurancegatineau.com\/wp-content\/uploads\/2021\/11\/couple-dance-205x300.jpg 205w\" sizes=\"auto, (max-width: 447px) 100vw, 447px\" alt=\"\" width=\"447\" height=\"654\"><\/picture><\/noscript>\n\t\t\t\t<\/div>\n<p><!-- \/lc-block -->\n\t\t\t<\/div>\n<p><!-- \/col --><\/p>\n<div class=\"col-xl-9\">\n<div class=\"lc-block\">\n<div editable=\"rich\">\n<h2 class=\"mt-5\">Un courtier pour vous conseiller<\/h2>\n<p>Assurance Gatineau a \u00e9t\u00e9 \u00e9tablie \u00e0 Cantley par Michel Birkner, votre courtier en assurance de confiance en Outaouais et Ottawa. Son objectif est de r\u00e9pondre aux besoins vari\u00e9s des particuliers et des professionnels en mati\u00e8re de produits d&rsquo;assurance et financiers.<\/p>\n<p>Michel Birkner s&rsquo;engage \u00e0 trouver des solutions adapt\u00e9es \u00e0 vos besoins sp\u00e9cifiques. Gr\u00e2ce \u00e0 ses partenariats solides avec de nombreux prestataires et compagnies d&rsquo;assurance, il est en mesure d&rsquo;offrir \u00e0 ses clients la meilleure couverture possible, avec un large \u00e9ventail d&rsquo;avantages.<\/p>\n<p>Chez Assurance Gatineau, nous comprenons que chacun a des circonstances uniques. M\u00eame si vous avez \u00e9t\u00e9 confront\u00e9 \u00e0 des refus d&rsquo;admissibilit\u00e9 \u00e0 l&rsquo;assurance en raison de votre \u00e9tat de sant\u00e9 ou de votre \u00e2ge, nos courtiers en assurance sont l\u00e0 pour vous aider. Nous travaillons sans exigences d&rsquo;examens m\u00e9dicaux ou de limites d&rsquo;\u00e2ge, vous assurant ainsi de trouver la police d&rsquo;assurance qui vous convient.<\/p>\n<p>Que vous ayez r\u00e9cemment re\u00e7u un diagnostic m\u00e9dical, que vous approchiez les 55 ans ou plus, ou que vous cherchiez simplement \u00e0 prot\u00e9ger votre patrimoine, votre famille ou votre entreprise, n&rsquo;h\u00e9sitez pas \u00e0 nous contacter au 819-663-7535 ou \u00e0 utiliser notre <a href=\"\/contact\">formulaire de contact<\/a>. Nous sommes l\u00e0 pour vous aider \u00e0 s\u00e9curiser votre avenir.<\/p>\n<a class=\"contact btn\" href=\"https:\/\/www.assurancegatineau.com\/fr\/contact\/\" aria-label=\"Contactez-nous\">Contactez-nous<\/a>\n<\/p><\/div>\n<\/p><\/div>\n<\/p><\/div>\n<p><!-- \/col -->\n\t\t<\/div>\n<\/p><\/div>\n<\/section>\n<section class=\"centered-container\">\n<div class=\"container\">\n<div class=\"row align-items-center\">\n<div class=\"col-xl-9\">\n<div class=\"lc-block\">\n<div editable=\"rich\">\n<h2>Les sp\u00e9cialit\u00e9s d\u2019Assurance Gatineau<\/h2>\n<p>En tant que courtier en assurance collaborant avec la plupart des compagnies d\u2019assurance au Qu\u00e9bec et au Canada, Assurance Gatineau&nbsp;<span>vous accompagne dans le choix des protections adapt\u00e9es \u00e0 vos besoins.<\/span><\/p>\n<\/p>\n<p>Outre notre large gamme de produits d\u2019assurance accessibles et flexibles, Assurance Gatineau se distingue par son expertise dans le magasinage de polices d\u2019assurance pour les personnes \u00e2g\u00e9es de plus de 55 ans et celles souffrant de maladies chroniques ou graves, qui rencontrent g\u00e9n\u00e9ralement des difficult\u00e9s \u00e0 \u00eatre assur\u00e9es.<\/p>\n<p>Pour obtenir de plus amples informations sur nos produits d\u2019assurance et financiers, n&rsquo;h\u00e9sitez pas \u00e0 nous contacter au 819-663-7535 ou \u00e0 remplir notre <a href=\"\/contact\">formulaire de contact<\/a>. Nous sommes l\u00e0 pour vous aider \u00e0 trouver la meilleure protection pour votre situation particuli\u00e8re.<\/p>\n<a class=\"contact btn\" href=\"https:\/\/www.assurancegatineau.com\/fr\/contact\/\" aria-label=\"Contactez-nous\">Contactez-nous<\/a>\n<\/p><\/div>\n<\/p><\/div>\n<\/p><\/div>\n<p><!-- \/col --><\/p>\n<div class=\"col-xl-3 d-xl-block d-none\">\n<div class=\"lc-block rectangles mt-5\">\n\t\t\t\t\t<picture><source srcset=\"https:\/\/www.assurancegatineau.com\/wp-content\/uploads\/2021\/11\/kayak.webp\" type=\"image\/webp\"><img loading=\"lazy\" decoding=\"async\" class=\"img-fluid border-primary jetpack-lazy-image\" src=\"https:\/\/www.assurancegatineau.com\/wp-content\/uploads\/2021\/11\/kayak.jpg\" alt=\"\" width=\"486\" height=\"711\" data-lazy-srcset=\"https:\/\/www.assurancegatineau.com\/wp-content\/uploads\/2021\/11\/kayak.jpg 486w, https:\/\/www.assurancegatineau.com\/wp-content\/uploads\/2021\/11\/kayak-205x300.jpg 205w\" data-lazy-sizes=\"(max-width: 486px) 100vw, 486px\" data-lazy-src=\"https:\/\/www.assurancegatineau.com\/wp-content\/uploads\/2021\/11\/kayak.jpg?is-pending-load=1\" srcset=\"data:image\/gif;base64,R0lGODlhAQABAIAAAAAAAP\/\/\/yH5BAEAAAAALAAAAAABAAEAAAIBRAA7\"><\/picture><noscript><picture><source srcset=\"https:\/\/www.assurancegatineau.com\/wp-content\/uploads\/2021\/11\/kayak.webp\" type=\"image\/webp\"><img loading=\"lazy\" decoding=\"async\" data-lazy-fallback=\"1\" class=\"img-fluid border-primary\" src=\"https:\/\/www.assurancegatineau.com\/wp-content\/uploads\/2021\/11\/kayak.jpg\" srcset=\"https:\/\/www.assurancegatineau.com\/wp-content\/uploads\/2021\/11\/kayak.jpg 486w, https:\/\/www.assurancegatineau.com\/wp-content\/uploads\/2021\/11\/kayak-205x300.jpg 205w\" sizes=\"auto, (max-width: 486px) 100vw, 486px\" alt=\"\" width=\"486\" height=\"711\"><\/picture><\/noscript>\n\t\t\t\t<\/div>\n<p><!-- \/lc-block -->\n\t\t\t<\/div>\n<p><!-- \/col -->\n\t\t<\/div>\n<\/p><\/div>\n<\/section>\n<section class=\"\">\n<div class=\"container\">\n<div class=\"row\">\n<div class=\"col-12\">\n<div class=\"lc-block\">\n<div editable=\"rich\">\n<h2>Questions fr\u00e9quemment pos\u00e9es par nos clients<\/h2>\n<p>Lorsque vous magasinez un produit d\u2019assurance, il est tout \u00e0 fait naturel de vous poser de nombreuses questions. Chacun a ses propres besoins, sa situation et son budget \u00e0 prendre en compte.<\/p>\n<p>Chez Assurance Gatineau en Outaouais et \u00e0 Ottawa, nous comprenons l&rsquo;importance de choisir la bonne police d\u2019assurance qui correspond \u00e0 vos besoins sp\u00e9cifiques. C&rsquo;est pourquoi nous avons compil\u00e9 ci-dessous les r\u00e9ponses aux questions fr\u00e9quemment pos\u00e9es par nos clients :<\/p>\n<p>Si vous ne trouvez pas de r\u00e9ponse \u00e0 vos questions dans les informations ci-dessus, n&rsquo;h\u00e9sitez pas \u00e0 nous contacter au 819-663-7535 ou via notre <a href=\"\/contact\">formulaire de contact<\/a>. Nous serons ravis de vous aider et de r\u00e9pondre \u00e0 toutes vos interrogations. Votre satisfaction est notre priorit\u00e9, et nous sommes l\u00e0 pour vous offrir le soutien dont vous avez besoin.<\/p>\n<\/p><\/div>\n<\/p><\/div>\n<p><!-- \/lc-block -->\n\t\t\t<\/div>\n<p><!-- \/col -->\n\t\t<\/div>\n<\/p><\/div>\n<\/section>\n<section class=\"faq-container\">\n<div class=\"container\">\n<div class=\"row\">\n<div class=\"col-xl-9\">\n<div class=\"lc-block\">\n<div lc-helper=\"shortcode\" class=\"live-shortcode\"><div class=\"faqs\"><div class=\"faq\" id=\"faq-61\"><h3 class=\"faq-question collapsed\" data-target=\"#faq-answer-61\" aria-controls=\"faq-answer-61\">Comment d\u00e9finir le montant de couverture de mon assurance vie?<\/h3><div class=\"faq-answer\" id=\"faq-answer-61\"><p>Vous pouvez vous-m\u00eame \u00e9valuer le montant de couverture de votre assurance vie en prenant en consid\u00e9ration plusieurs crit\u00e8res financiers.<\/p>\n<p>Votre courtier en assurance<span style=\"font-weight: 400;\">\u00a0chez Assurance Gatineau en Outaouais et Ottawa <\/span>saura \u00e9galement vous conseiller pour d\u00e9finir votre montant de couverture selon votre situation financi\u00e8re actuelle et selon les besoins de votre famille.<\/p>\n<p>Pour \u00e9valuer le montant de votre couverture, vous aurez \u00e0 additionner les montants de \u00a0:<\/p>\n<ul>\n<li>votre hypoth\u00e8que,<\/li>\n<li>vos dettes actuelles,<\/li>\n<li>les co\u00fbts de la vie de votre m\u00e9nage,<\/li>\n<li>les revenus de votre conjoint,<\/li>\n<li>les frais fun\u00e9raires,<\/li>\n<li>les frais de succession,<\/li>\n<li>les frais financiers de vos dettes.<\/li>\n<\/ul>\n<p>En plus des montants sus indiqu\u00e9s, pour d\u00e9terminer le montant de couverture de votre assurance vie, il faudra prendre en consid\u00e9ration\u00a0:<\/p>\n<ul>\n<li>le nombre d\u2019ann\u00e9es durant \u00e0 couvrir pour votre m\u00e9nage,<\/li>\n<li>le nombre d\u2019enfants de votre m\u00e9nage ainsi que leurs \u00e2ges, scolarit\u00e9s et besoins m\u00e9dicaux.<\/li>\n<\/ul>\n<p><span style=\"font-weight: 400;\">Pour plus de d\u00e9tails au sujet du calcul de votre montant de couverture de votre assurance vie, contactez Assurance Gatineau au 819-663-7535 ou via <\/span>notre <a href=\"https:\/\/www.assurancegatineau.com\/fr\/contact\/\"><span style=\"font-weight: 400;\">formulaire de contact<\/span><\/a><span style=\"font-weight: 400;\">. <\/span><\/p>\n<\/div><\/div>\n<div class=\"faq\" id=\"faq-62\"><h3 class=\"faq-question collapsed\" data-target=\"#faq-answer-62\" aria-controls=\"faq-answer-62\">Quel est le d\u00e9lai de versement \u00e0 mes b\u00e9n\u00e9ficiaires en cas de d\u00e9c\u00e8s?<\/h3><div class=\"faq-answer\" id=\"faq-answer-62\"><p>Le traitement d\u2019une demande de prestation de d\u00e9c\u00e8s doit \u00eatre effectu\u00e9 dans un d\u00e9lai de 30 jours de la r\u00e9ception d\u2019une preuve valide d\u2019un d\u00e9c\u00e8s, selon la loi en vigueur.<\/p>\n<p>Ce d\u00e9lai de traitement varie d\u2019une compagnie \u00e0 une autre et d\u2019une police \u00e0 une autre. Il est tout de m\u00eame pr\u00e9cis\u00e9 sur votre police<span style=\"font-weight: 400;\">\u00a0d\u2019assurance.<\/span><\/p>\n<\/div><\/div>\n<div class=\"faq\" id=\"faq-64\"><h3 class=\"faq-question collapsed\" data-target=\"#faq-answer-64\" aria-controls=\"faq-answer-64\">J\u2019ai une assurance-cr\u00e9dit, est-ce qu\u2019une assurance vie est n\u00e9cessaire?<\/h3><div class=\"faq-answer\" id=\"faq-answer-64\"><p>L\u2019assurance vie permettra \u00e0 vos b\u00e9n\u00e9ficiaires de recevoir le montant de couverture convenu qui ne se limitera pas \u00e0 celui de vos dettes, mais leur couvrira pendant un temps d\u00e9fini d\u2019autres co\u00fbts de leurs vies et des frais engendr\u00e9s par vos obligations financi\u00e8res.<\/p>\n<\/div><\/div>\n<div class=\"faq\" id=\"faq-65\"><h3 class=\"faq-question collapsed\" data-target=\"#faq-answer-65\" aria-controls=\"faq-answer-65\">Comment trouver le type de police qui vous convient?<\/h3><div class=\"faq-answer\" id=\"faq-answer-65\"><p>Un grand nombre de polices d\u2019assurance sont offertes sur le march\u00e9 et leurs sp\u00e9cificit\u00e9s ainsi que leurs protections ne sont pas toujours faciles \u00e0 comprendre ou \u00e0 \u00e9valuer selon votre situation.<\/p>\n<p>C\u2019est pourquoi Assurance Gatineau met \u00e0 votre disposition le savoir-faire et l\u2019expertise d'un courtier en assurance pour vous recommander la police la plus ad\u00e9quate \u00e0 vos besoins et situations.<\/p>\n<p><span style=\"font-weight: 400;\">Quel que soit votre \u00e9tat de sant\u00e9, votre \u00e2ge ou votre situation financi\u00e8re, votre courtier en assurance magasinera pour vous la meilleure police avec le montant de couverture le plus adapt\u00e9 pour prot\u00e9ger votre famille en Outaouais et Ottawa.<\/span><\/p>\n<\/div><\/div><\/div><\/div>\n<\/p><\/div>\n<p><!-- \/lc-block -->\n\t\t\t<\/div>\n<p><!-- \/col --><\/p>\n<div class=\"col-xl-3 d-xl-block d-none\">\n<div class=\"lc-block triangles inverted\">\n\t\t\t\t\t<picture><source srcset=\"https:\/\/www.assurancegatineau.com\/wp-content\/uploads\/2021\/11\/famille-peres.webp\" type=\"image\/webp\"><img loading=\"lazy\" decoding=\"async\" class=\"img-fluid border-primary jetpack-lazy-image\" src=\"https:\/\/www.assurancegatineau.com\/wp-content\/uploads\/2021\/11\/famille-peres.jpg\" alt=\"\" width=\"388\" height=\"568\" data-lazy-srcset=\"https:\/\/www.assurancegatineau.com\/wp-content\/uploads\/2021\/11\/famille-peres.jpg 388w, https:\/\/www.assurancegatineau.com\/wp-content\/uploads\/2021\/11\/famille-peres-205x300.jpg 205w\" data-lazy-sizes=\"(max-width: 388px) 100vw, 388px\" data-lazy-src=\"https:\/\/www.assurancegatineau.com\/wp-content\/uploads\/2021\/11\/famille-peres.jpg?is-pending-load=1\" srcset=\"data:image\/gif;base64,R0lGODlhAQABAIAAAAAAAP\/\/\/yH5BAEAAAAALAAAAAABAAEAAAIBRAA7\"><\/picture><noscript><picture><source srcset=\"https:\/\/www.assurancegatineau.com\/wp-content\/uploads\/2021\/11\/famille-peres.webp\" type=\"image\/webp\"><img loading=\"lazy\" decoding=\"async\" data-lazy-fallback=\"1\" class=\"img-fluid border-primary\" src=\"https:\/\/www.assurancegatineau.com\/wp-content\/uploads\/2021\/11\/famille-peres.jpg\" srcset=\"https:\/\/www.assurancegatineau.com\/wp-content\/uploads\/2021\/11\/famille-peres.jpg 388w, https:\/\/www.assurancegatineau.com\/wp-content\/uploads\/2021\/11\/famille-peres-205x300.jpg 205w\" sizes=\"auto, (max-width: 388px) 100vw, 388px\" alt=\"\" width=\"388\" height=\"568\"><\/picture><\/noscript>\n\t\t\t\t<\/div>\n<p><!-- \/lc-block -->\n\t\t\t<\/div>\n<p><!-- \/col -->\n\t\t<\/div>\n<\/p><\/div>\n<\/section>\n","protected":false},"excerpt":{"rendered":"<p>Courtier en assurance en Outaouais et Ottawa Un courtier pour vous conseiller Assurance Gatineau a \u00e9t\u00e9 \u00e9tablie \u00e0 Cantley par Michel Birkner, votre courtier en assurance de confiance en Outaouais et Ottawa. Son objectif est de r\u00e9pondre aux besoins vari\u00e9s des particuliers et des professionnels en mati\u00e8re de produits d&rsquo;assurance et financiers. Michel Birkner s&rsquo;engage [&hellip;]<\/p>\n","protected":false},"author":1,"featured_media":0,"parent":0,"menu_order":0,"comment_status":"closed","ping_status":"closed","template":"","meta":{"footnotes":""},"categories":[],"class_list":["post-15","page","type-page","status-publish","hentry"],"_links":{"self":[{"href":"https:\/\/www.assurancegatineau.com\/fr\/wp-json\/wp\/v2\/pages\/15","targetHints":{"allow":["GET"]}}],"collection":[{"href":"https:\/\/www.assurancegatineau.com\/fr\/wp-json\/wp\/v2\/pages"}],"about":[{"href":"https:\/\/www.assurancegatineau.com\/fr\/wp-json\/wp\/v2\/types\/page"}],"author":[{"embeddable":true,"href":"https:\/\/www.assurancegatineau.com\/fr\/wp-json\/wp\/v2\/users\/1"}],"replies":[{"embeddable":true,"href":"https:\/\/www.assurancegatineau.com\/fr\/wp-json\/wp\/v2\/comments?post=15"}],"version-history":[{"count":31,"href":"https:\/\/www.assurancegatineau.com\/fr\/wp-json\/wp\/v2\/pages\/15\/revisions"}],"predecessor-version":[{"id":1298,"href":"https:\/\/www.assurancegatineau.com\/fr\/wp-json\/wp\/v2\/pages\/15\/revisions\/1298"}],"wp:attachment":[{"href":"https:\/\/www.assurancegatineau.com\/fr\/wp-json\/wp\/v2\/media?parent=15"}],"wp:term":[{"taxonomy":"category","embeddable":true,"href":"https:\/\/www.assurancegatineau.com\/fr\/wp-json\/wp\/v2\/categories?post=15"}],"curies":[{"name":"wp","href":"https:\/\/api.w.org\/{rel}","templated":true}]}}