{"id":17,"date":"2021-11-24T14:33:31","date_gmt":"2021-11-24T19:33:31","guid":{"rendered":"https:\/\/www.assurancegatineau.com\/?page_id=17"},"modified":"2025-05-07T13:00:53","modified_gmt":"2025-05-07T17:00:53","slug":"nouvelles","status":"publish","type":"page","link":"https:\/\/www.assurancegatineau.com\/fr\/nouvelles\/","title":{"rendered":"Nouvelles"},"content":{"rendered":"<p>Vous magasinez pour une nouvelle assurance?<br \/>\nVotre courtier en assurance vous informe<br \/>\ndes derni\u00e8res nouvelles du march\u00e9<\/p>\n<p>%&#8211;sep&#8211;%<\/p>\n<h2>Assurance Gatineau est une agence autoris\u00e9e \u00e0 proposer le Plan de Protection du Canada, une solution d&rsquo;assurance vie pratique et accessible.<\/h2>\n<p>Avec des r\u00e9gimes sans exigence m\u00e9dicale allant jusqu&rsquo;\u00e0 750 000 $, obtenir la protection dont vous avez besoin est simple et rapide.<br \/>\nAucun examen m\u00e9dical ni pr\u00e9l\u00e8vement n&rsquo;est requis, vous permettant d&rsquo;obtenir une couverture rapidement.<\/p>\n<p>Les avantages de notre offre incluent :<\/p>\n<ul>\n<li>Pas de frais suppl\u00e9mentaires<\/li>\n<li>Processus de demande simple et facile<\/li>\n<li>Taux abordables<\/li>\n<li>De plus, les paiements commencent d\u00e8s le deuxi\u00e8me mois pour les r\u00e9gimes \u00e0 paiements mensuels (applicable aux personnes \u00e2g\u00e9es de 18 \u00e0 80 ans*). Peu importe votre \u00e9tat de sant\u00e9, vous pouvez obtenir une protection allant jusqu&rsquo;\u00e0 un million de dollars.<\/li>\n<\/ul>\n<p>Pour plus d&rsquo;informations ou pour souscrire, contactez-nous d\u00e8s aujourd&rsquo;hui au 819-663-7535. Obtenez la tranquillit\u00e9 d&rsquo;esprit que vous m\u00e9ritez avec le Plan de Protection du Canada.<\/p>\n<p><strong>Pourquoi attendre plus longtemps pour obtenir la tranquillit\u00e9 d&rsquo;esprit que vous m\u00e9ritez?<\/strong><\/p>\n<p><a class=\"\" href=\"https:\/\/www.assurancegatineau.com\/fr\/contact\/\" aria-label=\"Contactez-nous \">Contactez-nous <\/a> d\u00e8s maintenant pour recevoir une soumission confidentielle et sans obligation. Avec le Plan de Protection du Canada, vous pouvez avoir l&rsquo;esprit tranquille d\u00e8s aujourd&rsquo;hui.<\/p>\n<p>Nous sommes leaders en assurance vie sans exigence m\u00e9dicale et \u00e0 \u00e9mission simplifi\u00e9e, et nous sommes l\u00e0 pour vous offrir la protection dont vous avez besoin, rapidement et facilement.<\/p>\n<p>Appelez-nous d\u00e8s aujourd&rsquo;hui pour commencer.<\/p>\n","protected":false},"excerpt":{"rendered":"<p>Vous magasinez pour une nouvelle assurance? Votre courtier en assurance vous informe des derni\u00e8res nouvelles du march\u00e9 %&#8211;sep&#8211;% Assurance Gatineau est une agence autoris\u00e9e \u00e0 proposer le Plan de Protection du Canada, une solution d&rsquo;assurance vie pratique et accessible. Avec des r\u00e9gimes sans exigence m\u00e9dicale allant jusqu&rsquo;\u00e0 750 000 $, obtenir la protection dont vous [&hellip;]<\/p>\n","protected":false},"author":1,"featured_media":0,"parent":0,"menu_order":0,"comment_status":"closed","ping_status":"closed","template":"page-templates\/blog.php","meta":{"footnotes":""},"categories":[],"class_list":["post-17","page","type-page","status-publish","hentry"],"_links":{"self":[{"href":"https:\/\/www.assurancegatineau.com\/fr\/wp-json\/wp\/v2\/pages\/17","targetHints":{"allow":["GET"]}}],"collection":[{"href":"https:\/\/www.assurancegatineau.com\/fr\/wp-json\/wp\/v2\/pages"}],"about":[{"href":"https:\/\/www.assurancegatineau.com\/fr\/wp-json\/wp\/v2\/types\/page"}],"author":[{"embeddable":true,"href":"https:\/\/www.assurancegatineau.com\/fr\/wp-json\/wp\/v2\/users\/1"}],"replies":[{"embeddable":true,"href":"https:\/\/www.assurancegatineau.com\/fr\/wp-json\/wp\/v2\/comments?post=17"}],"version-history":[{"count":11,"href":"https:\/\/www.assurancegatineau.com\/fr\/wp-json\/wp\/v2\/pages\/17\/revisions"}],"predecessor-version":[{"id":705,"href":"https:\/\/www.assurancegatineau.com\/fr\/wp-json\/wp\/v2\/pages\/17\/revisions\/705"}],"wp:attachment":[{"href":"https:\/\/www.assurancegatineau.com\/fr\/wp-json\/wp\/v2\/media?parent=17"}],"wp:term":[{"taxonomy":"category","embeddable":true,"href":"https:\/\/www.assurancegatineau.com\/fr\/wp-json\/wp\/v2\/categories?post=17"}],"curies":[{"name":"wp","href":"https:\/\/api.w.org\/{rel}","templated":true}]}}