{"id":21,"date":"2021-11-24T14:33:57","date_gmt":"2021-11-24T19:33:57","guid":{"rendered":"https:\/\/www.assurancegatineau.com\/?page_id=21"},"modified":"2025-05-07T12:47:13","modified_gmt":"2025-05-07T16:47:13","slug":"assurance-sante","status":"publish","type":"page","link":"https:\/\/www.assurancegatineau.com\/fr\/assurance-sante\/","title":{"rendered":"Assurance sant\u00e9"},"content":{"rendered":"<section class=\"h1-container\">\n<div class=\"container-fluid\">\n<div class=\"row bg-banner\">\n<div class=\"col\">\n<div class=\"lc-block\">\n\t\t\t\t\t<picture><source srcset=\"https:\/\/www.assurancegatineau.com\/wp-content\/uploads\/2021\/11\/banniere-plans.webp\" type=\"image\/webp\"><img loading=\"lazy\" decoding=\"async\" class=\"img-fluid skip-lazy\" src=\"https:\/\/www.assurancegatineau.com\/wp-content\/uploads\/2021\/11\/banniere-plans.jpg\" srcset=\"https:\/\/www.assurancegatineau.com\/wp-content\/uploads\/2021\/11\/banniere-plans.jpg 1920w, https:\/\/www.assurancegatineau.com\/wp-content\/uploads\/2021\/11\/banniere-plans-300x63.jpg 300w, https:\/\/www.assurancegatineau.com\/wp-content\/uploads\/2021\/11\/banniere-plans-1024x213.jpg 1024w, https:\/\/www.assurancegatineau.com\/wp-content\/uploads\/2021\/11\/banniere-plans-768x160.jpg 768w, https:\/\/www.assurancegatineau.com\/wp-content\/uploads\/2021\/11\/banniere-plans-1536x320.jpg 1536w, https:\/\/www.assurancegatineau.com\/wp-content\/uploads\/2021\/11\/banniere-plans-534x111.jpg 534w\" sizes=\"auto, (max-width: 1920px) 100vw, 1920px\" alt=\"\" width=\"1920\" height=\"400\"><\/picture><noscript>&lt;img data-lazy-fallback=\u00a0\u00bb1&Prime; class=\u00a0\u00bbimg-fluid skip-lazy\u00a0\u00bb src=\u00a0\u00bbhttps:\/\/www.assurancegatineau.com\/wp-content\/uploads\/2021\/11\/banniere-plans.jpg\u00a0\u00bb srcset=\u00a0\u00bbhttps:\/\/www.assurancegatineau.com\/wp-content\/uploads\/2021\/11\/banniere-plans.jpg 1920w, https:\/\/www.assurancegatineau.com\/wp-content\/uploads\/2021\/11\/banniere-plans-300&#215;63.jpg 300w, https:\/\/www.assurancegatineau.com\/wp-content\/uploads\/2021\/11\/banniere-plans-1024&#215;213.jpg 1024w, https:\/\/www.assurancegatineau.com\/wp-content\/uploads\/2021\/11\/banniere-plans-768&#215;160.jpg 768w, https:\/\/www.assurancegatineau.com\/wp-content\/uploads\/2021\/11\/banniere-plans-1536&#215;320.jpg 1536w, https:\/\/www.assurancegatineau.com\/wp-content\/uploads\/2021\/11\/banniere-plans-534&#215;111.jpg 534w\u00a0\u00bb sizes=\u00a0\u00bb(max-width: 1920px) 100vw, 1920px\u00a0\u00bb alt=\u00a0\u00bb\u00a0\u00bb width=\u00a0\u00bb1920&Prime; height=\u00a0\u00bb400&Prime;&gt;<\/noscript>\n\t\t\t\t<\/div>\n<\/p><\/div>\n<\/p><\/div>\n<div class=\"row\">\n<div class=\"col-12\">\n<div class=\"lc-block d-none d-xl-block\">\n\t\t\t\t\t<picture><source srcset=\"https:\/\/www.assurancegatineau.com\/wp-content\/uploads\/2021\/11\/logo.webp\" type=\"image\/webp\"><img loading=\"lazy\" decoding=\"async\" class=\"img-fluid mt-2 skip-lazy\" src=\"https:\/\/www.assurancegatineau.com\/wp-content\/uploads\/2021\/11\/logo.png\" srcset=\"https:\/\/www.assurancegatineau.com\/wp-content\/uploads\/2021\/11\/logo.png 500w, https:\/\/www.assurancegatineau.com\/wp-content\/uploads\/2021\/11\/logo-300x141.png 300w\" sizes=\"auto, (max-width: 500px) 100vw, 500px\" alt=\"\" width=\"500\" height=\"235\"><\/picture><noscript>&lt;img data-lazy-fallback=\u00a0\u00bb1&Prime; class=\u00a0\u00bbimg-fluid mt-2 skip-lazy\u00a0\u00bb src=\u00a0\u00bbhttps:\/\/www.assurancegatineau.com\/wp-content\/uploads\/2021\/11\/logo.png\u00a0\u00bb srcset=\u00a0\u00bbhttps:\/\/www.assurancegatineau.com\/wp-content\/uploads\/2021\/11\/logo.png 500w, https:\/\/www.assurancegatineau.com\/wp-content\/uploads\/2021\/11\/logo-300&#215;141.png 300w\u00a0\u00bb sizes=\u00a0\u00bb(max-width: 500px) 100vw, 500px\u00a0\u00bb alt=\u00a0\u00bb\u00a0\u00bb width=\u00a0\u00bb500&Prime; height=\u00a0\u00bb235&Prime;&gt;<\/noscript>\n\t\t\t\t<\/div>\n<p><!-- \/lc-block\\ --><\/p>\n<div class=\"lc-block h1-div\">\n<div editable=\"rich\">\n<h1>Assurance sant\u00e9 ou maladie grave!<br \/> Pensez \u00e0 votre r\u00e9tablissement<br \/> sans vous soucier des d\u00e9penses!<\/h1>\n<\/p><\/div>\n<div lc-helper=\"shortcode\" class=\"live-shortcode\"><a class=\"contact btn\" href=\"https:\/\/www.assurancegatineau.com\/fr\/contact\/\" aria-label=\"Appelez-nous\">Appelez-nous<\/a><\/div>\n<\/p><\/div>\n<p><!-- \/lc-block -->\n\t\t\t<\/div>\n<p><!-- \/col -->\n\t\t<\/div>\n<\/p><\/div>\n<\/section>\n<section class=\"\">\n<div class=\"container\">\n<div class=\"row\">\n<div class=\"col-xl-9\">\n<div class=\"lc-block\">\n<div editable=\"rich\">\n<h2>Quel est le but d\u2019une assurance sant\u00e9 ?<\/h2>\n<p>Une assurance sant\u00e9 ou assurance maladie a pour objectif de vous prot\u00e9ger contre les frais m\u00e9dicaux impr\u00e9vus en cas de maladie, d\u2019accident ou d\u2019hospitalisation. En souscrivant \u00e0 une telle police, vous pouvez vous concentrer pleinement sur votre r\u00e9tablissement sans avoir \u00e0 vous soucier des aspects financiers li\u00e9s aux soins m\u00e9dicaux.<\/p>\n<p>Assurance Gatineau accompagne un grand nombre de r\u00e9sidents de Gatineau et d&rsquo;Ottawa dans la recherche de la meilleure couverture d\u2019assurance sant\u00e9. Nous tenons compte de divers facteurs tels que l&rsquo;\u00e2ge, l&rsquo;\u00e9tat de sant\u00e9, les revenus et la situation familiale pour vous aider \u00e0 choisir une couverture adapt\u00e9e. Notre objectif: vous offrir une protection personnalis\u00e9e et accessible.<\/p>\n<p>De plus, chez Assurance Gatineau, nous vous facilitons la vie avec des options sans examen m\u00e9dical, pour une adh\u00e9sion simple et rapide.<\/p>\n<p>Pour obtenir de plus amples informations sur les assurances sant\u00e9 au Qu\u00e9bec et en Ontario, n&rsquo;h\u00e9sitez pas \u00e0 nous contacter au 819-663-7535&nbsp;<span>ou \u00e0 utiliser notre <a href=\"\/contact\">formulaire de contact<\/a> pour fixer un rendez-vous.<\/span><\/p>\n<\/p>\n<a class=\"contact btn\" href=\"https:\/\/www.assurancegatineau.com\/fr\/contact\/\" aria-label=\"Contactez-nous\">Contactez-nous<\/a>\n<\/p><\/div>\n<\/p><\/div>\n<div class=\"lc-block\">\n<div editable=\"rich\">\n<h2>Comment choisir une assurance sant\u00e9 ?<\/h2>\n<p>Souscrire \u00e0 une assurance sant\u00e9 est une \u00e9tape cruciale pour prot\u00e9ger votre bien-\u00eatre et celui de votre famille. Cette d\u00e9cision m\u00e9rite une r\u00e9flexion approfondie, car elle peut avoir un impact significatif sur vos finances et votre tranquillit\u00e9 d\u2019esprit.<\/p>\n<p>Pour trouver la meilleure assurance sant\u00e9, il est essentiel de consulter un courtier en assurance tel que Michel Birkner chez Assurance Gatineau. Gr\u00e2ce \u00e0 son expertise, il pourra vous guider et vous expliquer les diff\u00e9rents aspects et avantages de l&rsquo;assurance sant\u00e9.<\/p>\n<p>Il est judicieux de souscrire \u00e0 une assurance sant\u00e9 d\u00e8s que possible, car plus vous \u00eates jeune et en bonne sant\u00e9, moins le co\u00fbt de votre assurance sera \u00e9lev\u00e9.<\/p>\n<p>Lorsque vous magasinez votre assurance sant\u00e9, tenez compte des d\u00e9penses non couvertes par votre syst\u00e8me de sant\u00e9 provincial, telles que les consultations chez des psychologues ou des physioth\u00e9rapeutes, les soins dentaires, les soins de la vue, certains \u00e9quipements m\u00e9dicaux et m\u00e9dicaments, etc.<\/p>\n<p>Pour prendre un exemple, voici quelques d\u00e9penses non couvertes par la RAMQ au Qu\u00e9bec (la couverture peut varier en fonction de l&rsquo;\u00e2ge ou de la situation personnelle) :<\/p>\n<ul>\n<li>Les consultations chez des psychologues ou des physioth\u00e9rapeutes;<\/li>\n<li>Les soins dentaires;<\/li>\n<li>Les soins de la vue;<\/li>\n<li>Certains \u00e9quipements m\u00e9dicaux;<\/li>\n<li>Certains m\u00e9dicaments et tests offerts en pharmacie.<\/li>\n<\/ul>\n<p>Ces frais peuvent rapidement s\u2019accumuler. Une bonne assurance sant\u00e9 vous permet de faire face \u00e0 ces co\u00fbts sans compromettre votre budget.<\/p>\n<p>En prenant en consid\u00e9ration ces \u00e9l\u00e9ments et en travaillant en \u00e9troite collaboration avec votre courtier en assurance d\u2019exp\u00e9rience chez Assurance Gatineau, vous pourrez choisir une assurance sant\u00e9 qui r\u00e9pond parfaitement \u00e0 vos besoins et \u00e0 ceux de votre famille.<\/p>\n<\/p><\/div>\n<\/p><\/div>\n<p><!-- \/lc-block -->\n\t\t\t<\/div>\n<p><!-- \/col --><\/p>\n<div class=\"col-xl-3 d-xl-block d-none\">\n<div class=\"lc-block workspaces mt-5 sticky-top\">\n\t\t\t\t\t<picture><source srcset=\"https:\/\/www.assurancegatineau.com\/wp-content\/uploads\/2021\/11\/famille.webp\" type=\"image\/webp\"><img loading=\"lazy\" decoding=\"async\" class=\"img-fluid border-primary jetpack-lazy-image\" src=\"https:\/\/www.assurancegatineau.com\/wp-content\/uploads\/2021\/11\/famille.jpg\" alt=\"\" width=\"479\" height=\"700\" data-lazy-srcset=\"https:\/\/www.assurancegatineau.com\/wp-content\/uploads\/2021\/11\/famille.jpg 479w, https:\/\/www.assurancegatineau.com\/wp-content\/uploads\/2021\/11\/famille-205x300.jpg 205w\" data-lazy-sizes=\"(max-width: 479px) 100vw, 479px\" data-lazy-src=\"https:\/\/www.assurancegatineau.com\/wp-content\/uploads\/2021\/11\/famille.jpg?is-pending-load=1\" srcset=\"data:image\/gif;base64,R0lGODlhAQABAIAAAAAAAP\/\/\/yH5BAEAAAAALAAAAAABAAEAAAIBRAA7\"><\/picture><noscript>&lt;img data-lazy-fallback=\u00a0\u00bb1&Prime; class=\u00a0\u00bbimg-fluid border-primary\u00a0\u00bb src=\u00a0\u00bbhttps:\/\/www.assurancegatineau.com\/wp-content\/uploads\/2021\/11\/famille.jpg\u00a0\u00bb srcset=\u00a0\u00bbhttps:\/\/www.assurancegatineau.com\/wp-content\/uploads\/2021\/11\/famille.jpg 479w, https:\/\/www.assurancegatineau.com\/wp-content\/uploads\/2021\/11\/famille-205&#215;300.jpg 205w\u00a0\u00bb sizes=\u00a0\u00bb(max-width: 479px) 100vw, 479px\u00a0\u00bb alt=\u00a0\u00bb\u00a0\u00bb width=\u00a0\u00bb479&Prime; height=\u00a0\u00bb700&Prime;&gt;<\/noscript>\n\t\t\t\t<\/div>\n<p><!-- \/lc-block -->\n\t\t\t<\/div>\n<p><!-- \/col -->\n\t\t<\/div>\n<\/p><\/div>\n<\/section>\n<div class=\"hr square\"><\/div>\n<section class=\"\">\n<div class=\"container\">\n<div class=\"row\">\n<div class=\"col-xl-3 d-xl-block d-none\">\n<div class=\"lc-block triangles mt-5 sticky-top\">\n\t\t\t\t\t<picture><source srcset=\"https:\/\/www.assurancegatineau.com\/wp-content\/uploads\/2021\/11\/couple.webp\" type=\"image\/webp\"><img loading=\"lazy\" decoding=\"async\" class=\"img-fluid border-primary jetpack-lazy-image\" src=\"https:\/\/www.assurancegatineau.com\/wp-content\/uploads\/2021\/11\/couple.jpg\" alt=\"\" width=\"505\" height=\"738\" data-lazy-srcset=\"https:\/\/www.assurancegatineau.com\/wp-content\/uploads\/2021\/11\/couple.jpg 505w, https:\/\/www.assurancegatineau.com\/wp-content\/uploads\/2021\/11\/couple-205x300.jpg 205w\" data-lazy-sizes=\"(max-width: 505px) 100vw, 505px\" data-lazy-src=\"https:\/\/www.assurancegatineau.com\/wp-content\/uploads\/2021\/11\/couple.jpg?is-pending-load=1\" srcset=\"data:image\/gif;base64,R0lGODlhAQABAIAAAAAAAP\/\/\/yH5BAEAAAAALAAAAAABAAEAAAIBRAA7\"><\/picture><noscript>&lt;img data-lazy-fallback=\u00a0\u00bb1&Prime; class=\u00a0\u00bbimg-fluid border-primary\u00a0\u00bb src=\u00a0\u00bbhttps:\/\/www.assurancegatineau.com\/wp-content\/uploads\/2021\/11\/couple.jpg\u00a0\u00bb srcset=\u00a0\u00bbhttps:\/\/www.assurancegatineau.com\/wp-content\/uploads\/2021\/11\/couple.jpg 505w, https:\/\/www.assurancegatineau.com\/wp-content\/uploads\/2021\/11\/couple-205&#215;300.jpg 205w\u00a0\u00bb sizes=\u00a0\u00bb(max-width: 505px) 100vw, 505px\u00a0\u00bb alt=\u00a0\u00bb\u00a0\u00bb width=\u00a0\u00bb505&Prime; height=\u00a0\u00bb738&Prime;&gt;<\/noscript>\n\t\t\t\t<\/div>\n<p><!-- \/lc-block -->\n\t\t\t<\/div>\n<p><!-- \/col --><\/p>\n<div class=\"col-xl-9\">\n<div class=\"lc-block\">\n<div editable=\"rich\">\n<h2>Quels sont les diff\u00e9rents types d\u2019assurance sant\u00e9 ?<\/h2>\n<p>En explorant les options d&rsquo;assurance sant\u00e9, vous d\u00e9couvrirez une vari\u00e9t\u00e9 de couvertures adapt\u00e9es \u00e0 diff\u00e9rents besoins. Votre courtier en assurance chez Assurance Gatineau, Monsieur Michel Birkner, est l\u00e0 pour vous orienter et vous expliquer les diff\u00e9rentes polices et couvertures disponibles, en fonction de vos besoins sp\u00e9cifiques et de votre \u00e9tat de sant\u00e9 en Outaouais ou \u00e0 Ottawa.<\/p>\n<p>Gr\u00e2ce \u00e0 ses conseils, vous pourrez choisir l&rsquo;assurance sant\u00e9 qui vous convient le mieux tout en \u00e9conomisant du temps et de l&rsquo;\u00e9nergie. Selon vos circonstances, vous pourrez opter pour une assurance sant\u00e9 avec ou sans exigence d&rsquo;examen m\u00e9dical pr\u00e9alable.<\/p>\n<p>Pour en savoir plus sur les diff\u00e9rentes options d&rsquo;assurance sant\u00e9 et pour discuter de vos besoins, appelez-nous au 819-663-7535 ou utilisez notre <a href=\"\/contact\">formulaire de contact<\/a> pour fixer un rendez-vous.<\/p>\n<a class=\"contact btn\" href=\"https:\/\/www.assurancegatineau.com\/fr\/contact\/\" aria-label=\"Contactez-nous\">Contactez-nous<\/a>\n<p>Sans \u00eatre exhaustifs, voici quelques-unes des principales couvertures en assurance sant\u00e9 souscrites par les Canadiens :<\/p>\n<\/p><\/div>\n<\/p><\/div>\n<div class=\"lc-block\">\n<div editable=\"rich\">\n<h3>Assurance maladie grave<\/h3>\n<p>En souscrivant \u00e0 une assurance maladie grave, vous b\u00e9n\u00e9ficiez d&rsquo;un paiement forfaitaire convenu d\u00e8s qu&rsquo;un diagnostic de maladie couverte est confirm\u00e9.&nbsp;<span>Ce paiement unique est non imposable et peut \u00eatre utilis\u00e9 \u00e0 votre discr\u00e9tion, sans justification de d\u00e9penses.<\/span><\/p>\n<\/p>\n<p>Cette assurance couvre un large \u00e9ventail de maladies graves. Vous pouvez m\u00eame d\u00e9finir le nombre de maladies couvertes ainsi que les b\u00e9n\u00e9ficiaires admissibles. <\/p>\n<p>Contactez votre courtier en assurance chez Assurance Gatineau pour obtenir des conseils sur le choix de cette assurance en fonction de vos besoins.<\/p>\n<a class=\"contact btn\" href=\"https:\/\/www.assurancegatineau.com\/fr\/contact\/?service=Assurance sant\u00e9\" aria-label=\"Demandez un rendez-vous\">Demandez un rendez-vous<\/a>\n<\/p><\/div>\n<\/p><\/div>\n<p><!-- \/lc-block --><\/p>\n<div class=\"lc-block\">\n<div editable=\"rich\">\n<h3>Assurance soins de longue dur\u00e9e<\/h3>\n<p>Selon l\u2019Association Canadienne des Compagnies d\u2019Assurances de Personnes (ACCAP), d&rsquo;ici 2036, 25 % de la population aura plus de 65 ans, et pr\u00e8s d&rsquo;un million de Canadiens souffriront de d\u00e9mence.<\/p>\n<p>Peu importe votre \u00e2ge, il se pourrait qu&rsquo;un jour vous ne soyez plus en mesure de subvenir \u00e0 vos besoins quotidiens. C&rsquo;est ici qu&rsquo;intervient l&rsquo;assurance soins de longue dur\u00e9e. <\/p>\n<\/p>\n<\/p>\n<\/p>\n<p>Cette couverture permet de financer les soins \u00e0 domicile ou en \u00e9tablissement sp\u00e9cialis\u00e9, des frais qui sont non couverts par le syst\u00e8me de sant\u00e9 publique. Ces co\u00fbts, souvent \u00e9lev\u00e9s, restent principalement \u00e0 votre charge. <\/p>\n<p>En souscrivant \u00e0 une assurance soins de longue dur\u00e9e, vous pourrez couvrir les frais associ\u00e9s \u00e0 ces soins et vous prot\u00e9ger ainsi des difficult\u00e9s financi\u00e8res potentielles.<\/p>\n<p>N\u2019h\u00e9sitez pas \u00e0 contacter votre courtier en assurance chez Assurance Gatineau au 819-663-7535 pour obtenir des conseils sur cette forme d&rsquo;assurance ou \u00e0 utiliser notre <a href=\"\/contact\">formulaire de contact<\/a> pour fixer un rendez-vous.<\/p>\n<a class=\"contact btn\" href=\"https:\/\/www.assurancegatineau.com\/fr\/contact\/?service=Assurance sant\u00e9\" aria-label=\"Demandez un rendez-vous\">Demandez un rendez-vous<\/a>\n<\/p><\/div>\n<\/p><\/div>\n<p><!-- \/lc-block --><\/p>\n<div class=\"lc-block\">\n<div editable=\"rich\">\n<h3>Assurance invalidit\u00e9 et salaire<\/h3>\n<p>Que vous soyez salari\u00e9 sans assurance invalidit\u00e9 et salaire collectif, entrepreneur ou travailleur autonome, l&rsquo;assurance invalidit\u00e9 et salaire vous permet de prot\u00e9ger vos revenus mensuels pour une p\u00e9riode pr\u00e9d\u00e9finie en cas d&rsquo;incapacit\u00e9 de travail \u00e0 la suite d\u2019une maladie ou d\u2019un accident.<\/p>\n<p>En souscrivant \u00e0 cette assurance, vous pouvez d\u00e9terminer un montant forfaitaire mensuel \u00e0 recevoir en cas d&rsquo;incapacit\u00e9 de travailler, vous permettant ainsi de couvrir non seulement vos d\u00e9penses courantes, mais aussi le remboursement de vos pr\u00eats ou de votre loyer.<\/p>\n<p>Chaque police d\u2019assurance invalidit\u00e9 et salaire d\u00e9finit un montant forfaitaire plafond \u00e0 verser au b\u00e9n\u00e9ficiaire. Les prestations per\u00e7ues ne sont pas imposables, offrant ainsi une s\u00e9curit\u00e9 financi\u00e8re suppl\u00e9mentaire dans des moments difficiles.<\/p>\n<p>Pour obtenir des conseils personnalis\u00e9s sur l&rsquo;assurance invalidit\u00e9 et salaire et choisir la meilleure option pour vous, contactez votre courtier en assurance chez Assurance Gatineau au 819-663-7535 ou utilisez notre <a href=\"\/contact\">formulaire de contact<\/a> pour prendre rendez-vous.<\/p>\n<a class=\"contact btn\" href=\"https:\/\/www.assurancegatineau.com\/fr\/contact\/?service=Assurance sant\u00e9\" aria-label=\"Demandez un rendez-vous\">Demandez un rendez-vous<\/a>\n<\/p><\/div>\n<\/p><\/div>\n<p><!-- \/lc-block -->\n\t\t\t<\/div>\n<p><!-- \/col -->\n\t\t<\/div>\n<\/p><\/div>\n<\/section>\n","protected":false},"excerpt":{"rendered":"<p>&lt;img data-lazy-fallback=\u00a0\u00bb1&Prime; class=\u00a0\u00bbimg-fluid skip-lazy\u00a0\u00bb src=\u00a0\u00bbhttps:\/\/www.assurancegatineau.com\/wp-content\/uploads\/2021\/11\/banniere-plans.jpg\u00a0\u00bb srcset=\u00a0\u00bbhttps:\/\/www.assurancegatineau.com\/wp-content\/uploads\/2021\/11\/banniere-plans.jpg 1920w, https:\/\/www.assurancegatineau.com\/wp-content\/uploads\/2021\/11\/banniere-plans-300&#215;63.jpg 300w, https:\/\/www.assurancegatineau.com\/wp-content\/uploads\/2021\/11\/banniere-plans-1024&#215;213.jpg 1024w, https:\/\/www.assurancegatineau.com\/wp-content\/uploads\/2021\/11\/banniere-plans-768&#215;160.jpg 768w, https:\/\/www.assurancegatineau.com\/wp-content\/uploads\/2021\/11\/banniere-plans-1536&#215;320.jpg 1536w, https:\/\/www.assurancegatineau.com\/wp-content\/uploads\/2021\/11\/banniere-plans-534&#215;111.jpg 534w\u00a0\u00bb sizes=\u00a0\u00bb(max-width: 1920px) 100vw, 1920px\u00a0\u00bb alt=\u00a0\u00bb\u00a0\u00bb width=\u00a0\u00bb1920&Prime; height=\u00a0\u00bb400&Prime;&gt; &lt;img data-lazy-fallback=\u00a0\u00bb1&Prime; class=\u00a0\u00bbimg-fluid mt-2 skip-lazy\u00a0\u00bb src=\u00a0\u00bbhttps:\/\/www.assurancegatineau.com\/wp-content\/uploads\/2021\/11\/logo.png\u00a0\u00bb srcset=\u00a0\u00bbhttps:\/\/www.assurancegatineau.com\/wp-content\/uploads\/2021\/11\/logo.png 500w, https:\/\/www.assurancegatineau.com\/wp-content\/uploads\/2021\/11\/logo-300&#215;141.png 300w\u00a0\u00bb sizes=\u00a0\u00bb(max-width: 500px) 100vw, 500px\u00a0\u00bb alt=\u00a0\u00bb\u00a0\u00bb width=\u00a0\u00bb500&Prime; height=\u00a0\u00bb235&Prime;&gt; Assurance sant\u00e9 ou maladie grave! Pensez \u00e0 votre r\u00e9tablissement sans vous soucier des d\u00e9penses! [&hellip;]<\/p>\n","protected":false},"author":1,"featured_media":91,"parent":0,"menu_order":0,"comment_status":"closed","ping_status":"closed","template":"","meta":{"footnotes":""},"categories":[10],"class_list":["post-21","page","type-page","status-publish","has-post-thumbnail","hentry","category-assurance"],"_links":{"self":[{"href":"https:\/\/www.assurancegatineau.com\/fr\/wp-json\/wp\/v2\/pages\/21","targetHints":{"allow":["GET"]}}],"collection":[{"href":"https:\/\/www.assurancegatineau.com\/fr\/wp-json\/wp\/v2\/pages"}],"about":[{"href":"https:\/\/www.assurancegatineau.com\/fr\/wp-json\/wp\/v2\/types\/page"}],"author":[{"embeddable":true,"href":"https:\/\/www.assurancegatineau.com\/fr\/wp-json\/wp\/v2\/users\/1"}],"replies":[{"embeddable":true,"href":"https:\/\/www.assurancegatineau.com\/fr\/wp-json\/wp\/v2\/comments?post=21"}],"version-history":[{"count":31,"href":"https:\/\/www.assurancegatineau.com\/fr\/wp-json\/wp\/v2\/pages\/21\/revisions"}],"predecessor-version":[{"id":1296,"href":"https:\/\/www.assurancegatineau.com\/fr\/wp-json\/wp\/v2\/pages\/21\/revisions\/1296"}],"wp:featuredmedia":[{"embeddable":true,"href":"https:\/\/www.assurancegatineau.com\/fr\/wp-json\/wp\/v2\/media\/91"}],"wp:attachment":[{"href":"https:\/\/www.assurancegatineau.com\/fr\/wp-json\/wp\/v2\/media?parent=21"}],"wp:term":[{"taxonomy":"category","embeddable":true,"href":"https:\/\/www.assurancegatineau.com\/fr\/wp-json\/wp\/v2\/categories?post=21"}],"curies":[{"name":"wp","href":"https:\/\/api.w.org\/{rel}","templated":true}]}}